{"id":1192,"date":"2022-11-04T09:34:43","date_gmt":"2022-11-04T08:34:43","guid":{"rendered":"https:\/\/villa-landreau.fr\/the-indoor-pool\/"},"modified":"2023-05-13T16:28:05","modified_gmt":"2023-05-13T14:28:05","slug":"the-indoor-pool","status":"publish","type":"page","link":"https:\/\/villa-landreau.fr\/en\/the-indoor-pool\/","title":{"rendered":"The indoor pool"},"content":{"rendered":"\n<h1 class=\"wp-block-heading\">The indoor pool<\/h1>\n\n<p>Our large <strong>covered<\/strong> and <strong>heated <\/strong> <strong>pool<\/strong> will allow you to swim, to relax in the water, to lounge on the banks, lying on a deckchair while enjoying the sun.  <\/p>\n\n<p>During the summer, <strong>many activities<\/strong> will be offered to you to strengthen your muscles, stretch your legs or have fun.<\/p>\n<div class=\"wp-block-sev-diaporama alignfull\">\t\t\t<div id=\"sevgallery-1913715394\" class=\"sev-diaporama sev-diaporama-portfolio\">\r\n\t\t\t<div class=\"row\">\r\n\r\n\t\t\t\r\n\t\t\t\t\r\n\t\t\t\t<div class=\"sev-diaporama-portfolio-item col-12 col-sm  col-grow\">\r\n\t\t\t\t\t\t\t\t\t\t<a href=\"https:\/\/villa-landreau.fr\/wp-content\/uploads\/2022\/11\/image00001.jpg\" data-lightbox=\"sevgallery-1913715394\" style=\"background-image: url(https:\/\/villa-landreau.fr\/wp-content\/uploads\/2022\/11\/image00001.jpg)\">\r\n\t\t\t\t\t\t\t\t\t\t\t<img decoding=\"async\" src=\"https:\/\/villa-landreau.fr\/wp-content\/uploads\/2022\/11\/image00001.jpg\" alt=\"piscine couverte du camping en Vend\u00e9e\" loading=\"lazy\">\r\n\t\t\t\t\t\t\t\t\t\t<\/a>\r\n\t\t\t\t\t\t\t\t\t<\/div>\r\n\r\n\t\t\t\t\r\n\t\t\t\t\t\t\t\t\t\t\t\r\n\t\t\t\t\r\n\t\t\t\t<div class=\"sev-diaporama-portfolio-item col-12 col-sm  col-grow\">\r\n\t\t\t\t\t\t\t\t\t\t<a href=\"https:\/\/villa-landreau.fr\/wp-content\/uploads\/2022\/11\/image00002.jpg\" data-lightbox=\"sevgallery-1913715394\" style=\"background-image: url(https:\/\/villa-landreau.fr\/wp-content\/uploads\/2022\/11\/image00002.jpg)\">\r\n\t\t\t\t\t\t\t\t\t\t\t<img decoding=\"async\" src=\"https:\/\/villa-landreau.fr\/wp-content\/uploads\/2022\/11\/image00002.jpg\" alt=\"piscine couverte du camping familial en Vend\u00e9e\" loading=\"lazy\">\r\n\t\t\t\t\t\t\t\t\t\t<\/a>\r\n\t\t\t\t\t\t\t\t\t<\/div>\r\n\r\n\t\t\t\t\r\n\t\t\t\t\t\t\t\t\t\t\t\r\n\t\t\t\t\r\n\t\t\t\t<div class=\"sev-diaporama-portfolio-item col-12 col-sm  col-grow\">\r\n\t\t\t\t\t\t\t\t\t\t<a href=\"https:\/\/villa-landreau.fr\/wp-content\/uploads\/2022\/11\/image00003.jpg\" data-lightbox=\"sevgallery-1913715394\" style=\"background-image: url(https:\/\/villa-landreau.fr\/wp-content\/uploads\/2022\/11\/image00003.jpg)\">\r\n\t\t\t\t\t\t\t\t\t\t\t<img decoding=\"async\" src=\"https:\/\/villa-landreau.fr\/wp-content\/uploads\/2022\/11\/image00003.jpg\" alt=\"piscine couverte du camping en Vend\u00e9e\" loading=\"lazy\">\r\n\t\t\t\t\t\t\t\t\t\t<\/a>\r\n\t\t\t\t\t\t\t\t\t<\/div>\r\n\r\n\t\t\t\t\t\t\t\t\t<div class=\"w-100\"><\/div>\r\n\t\t\t\t\t\t\t\t\t\r\n\t\t\t\t\t\t\t\t\t\t\t\r\n\t\t\t\t\r\n\t\t\t\t<div class=\"sev-diaporama-portfolio-item col-12 col-sm  col-shrink\">\r\n\t\t\t\t\t\t\t\t\t\t<a href=\"https:\/\/villa-landreau.fr\/wp-content\/uploads\/2022\/11\/image00004.jpg\" data-lightbox=\"sevgallery-1913715394\" style=\"background-image: url(https:\/\/villa-landreau.fr\/wp-content\/uploads\/2022\/11\/image00004.jpg)\">\r\n\t\t\t\t\t\t\t\t\t\t\t<img decoding=\"async\" src=\"https:\/\/villa-landreau.fr\/wp-content\/uploads\/2022\/11\/image00004.jpg\" alt=\"piscine couverte du camping en Vend\u00e9e\" loading=\"lazy\">\r\n\t\t\t\t\t\t\t\t\t\t<\/a>\r\n\t\t\t\t\t\t\t\t\t<\/div>\r\n\r\n\t\t\t\t\r\n\t\t\t\t\t\t\t\t\t\t\t\r\n\t\t\t\t\r\n\t\t\t\t<div class=\"sev-diaporama-portfolio-item col-12 col-sm  col-grow\">\r\n\t\t\t\t\t\t\t\t\t\t<a href=\"https:\/\/villa-landreau.fr\/wp-content\/uploads\/2022\/11\/image00005.jpg\" data-lightbox=\"sevgallery-1913715394\" style=\"background-image: url(https:\/\/villa-landreau.fr\/wp-content\/uploads\/2022\/11\/image00005.jpg)\">\r\n\t\t\t\t\t\t\t\t\t\t\t<img decoding=\"async\" src=\"https:\/\/villa-landreau.fr\/wp-content\/uploads\/2022\/11\/image00005.jpg\" alt=\"piscine couverte du camping en Vend\u00e9e\" loading=\"lazy\">\r\n\t\t\t\t\t\t\t\t\t\t<\/a>\r\n\t\t\t\t\t\t\t\t\t<\/div>\r\n\r\n\t\t\t\t\r\n\t\t\t\t\t\t\t\t\t\t\t\r\n\t\t\t\t\r\n\t\t\t\t<div class=\"sev-diaporama-portfolio-item col-12 col-sm \">\r\n\t\t\t\t\t\t\t\t\t\t<a href=\"https:\/\/villa-landreau.fr\/wp-content\/uploads\/2022\/11\/image00006.jpg\" data-lightbox=\"sevgallery-1913715394\" style=\"background-image: url(https:\/\/villa-landreau.fr\/wp-content\/uploads\/2022\/11\/image00006.jpg)\">\r\n\t\t\t\t\t\t\t\t\t\t\t<img decoding=\"async\" src=\"https:\/\/villa-landreau.fr\/wp-content\/uploads\/2022\/11\/image00006.jpg\" alt=\"piscine couverte et chauff\u00e9e du camping en Vend\u00e9e\" loading=\"lazy\">\r\n\t\t\t\t\t\t\t\t\t\t<\/a>\r\n\t\t\t\t\t\t\t\t\t<\/div>\r\n\r\n\t\t\t\t\t\t\t\t\t<div class=\"w-100\"><\/div>\r\n\t\t\t\t\t\t\t\t\t\r\n\t\t\t\t\t\t\t\t\t\t\t\r\n\t\t\t\t\r\n\t\t\t\t<div class=\"sev-diaporama-portfolio-item col-12 col-sm \">\r\n\t\t\t\t\t\t\t\t\t\t<a href=\"https:\/\/villa-landreau.fr\/wp-content\/uploads\/2022\/11\/image00007.jpg\" data-lightbox=\"sevgallery-1913715394\" style=\"background-image: url(https:\/\/villa-landreau.fr\/wp-content\/uploads\/2022\/11\/image00007.jpg)\">\r\n\t\t\t\t\t\t\t\t\t\t\t<img decoding=\"async\" src=\"https:\/\/villa-landreau.fr\/wp-content\/uploads\/2022\/11\/image00007.jpg\" alt=\"piscine couverte du camping en Vend\u00e9e avec pataugeoire\" loading=\"lazy\">\r\n\t\t\t\t\t\t\t\t\t\t<\/a>\r\n\t\t\t\t\t\t\t\t\t<\/div>\r\n\r\n\t\t\t\t\r\n\t\t\t\t\t\t\t\t\t\t\t\r\n\t\t\t\t\r\n\t\t\t\t<div class=\"sev-diaporama-portfolio-item col-12 col-sm  col-grow\">\r\n\t\t\t\t\t\t\t\t\t\t<a href=\"https:\/\/villa-landreau.fr\/wp-content\/uploads\/2022\/11\/IMG_1464.jpg\" data-lightbox=\"sevgallery-1913715394\" style=\"background-image: url(https:\/\/villa-landreau.fr\/wp-content\/uploads\/2022\/11\/IMG_1464.jpg)\">\r\n\t\t\t\t\t\t\t\t\t\t\t<img decoding=\"async\" src=\"https:\/\/villa-landreau.fr\/wp-content\/uploads\/2022\/11\/IMG_1464.jpg\" alt=\"piscine couverte avec pataugeoire\" loading=\"lazy\">\r\n\t\t\t\t\t\t\t\t\t\t<\/a>\r\n\t\t\t\t\t\t\t\t\t<\/div>\r\n\r\n\t\t\t\t\r\n\t\t\t\t\t\t\t\t\t\t\t\r\n\t\t\t\t\r\n\t\t\t\t<div class=\"sev-diaporama-portfolio-item col-12 col-sm  col-grow\">\r\n\t\t\t\t\t\t\t\t\t\t<a href=\"https:\/\/villa-landreau.fr\/wp-content\/uploads\/2022\/11\/IMG_1465.jpg\" data-lightbox=\"sevgallery-1913715394\" style=\"background-image: url(https:\/\/villa-landreau.fr\/wp-content\/uploads\/2022\/11\/IMG_1465.jpg)\">\r\n\t\t\t\t\t\t\t\t\t\t\t<img decoding=\"async\" src=\"https:\/\/villa-landreau.fr\/wp-content\/uploads\/2022\/11\/IMG_1465.jpg\" alt=\"piscine couverte du camping en Vend\u00e9e\" loading=\"lazy\">\r\n\t\t\t\t\t\t\t\t\t\t<\/a>\r\n\t\t\t\t\t\t\t\t\t<\/div>\r\n\r\n\t\t\t\t\t\t\t\t\t<div class=\"w-100\"><\/div>\r\n\t\t\t\t\t\t\t\t\t\r\n\t\t\t\t\t\t\t\t\t\t\t\t\t\t<\/div>\r\n\t\t\t<\/div>\r\n\t\t\t<\/div>\n<figure class=\"wp-block-image size-full\"><img loading=\"lazy\" decoding=\"async\" width=\"640\" height=\"480\" src=\"https:\/\/villa-landreau.fr\/wp-content\/uploads\/2023\/05\/IMG_1503.jpg\" alt=\"\" class=\"wp-image-1935\" srcset=\"https:\/\/villa-landreau.fr\/wp-content\/uploads\/2023\/05\/IMG_1503.jpg 640w, https:\/\/villa-landreau.fr\/wp-content\/uploads\/2023\/05\/IMG_1503-300x225.jpg 300w\" sizes=\"auto, (max-width: 640px) 100vw, 640px\" \/><\/figure>","protected":false},"excerpt":{"rendered":"<p>The indoor pool Our large covered and heated pool will allow you to swim, to relax in the water, to lounge on the banks, lying on a deckchair while enjoying the sun. During the summer, many activities will be offered to you to strengthen your muscles, stretch your legs or have fun.<\/p>\n","protected":false},"author":1,"featured_media":0,"parent":0,"menu_order":0,"comment_status":"closed","ping_status":"closed","template":"","meta":{"_seopress_robots_primary_cat":"","_seopress_titles_title":"Piscine couverte - Camping 3 \u00e9toiles Villa Landreau","_seopress_titles_desc":"Au camping 3 \u00e9toiles Villa Landreau pr\u00e8s de Saint Gilles Croix de Vie, profitez de tous les \u00e9quipements mis \u00e0 votre disposition dont la piscine couverte","_seopress_robots_index":"","footnotes":""},"class_list":["post-1192","page","type-page","status-publish","hentry"],"_links":{"self":[{"href":"https:\/\/villa-landreau.fr\/en\/wp-json\/wp\/v2\/pages\/1192","targetHints":{"allow":["GET"]}}],"collection":[{"href":"https:\/\/villa-landreau.fr\/en\/wp-json\/wp\/v2\/pages"}],"about":[{"href":"https:\/\/villa-landreau.fr\/en\/wp-json\/wp\/v2\/types\/page"}],"author":[{"embeddable":true,"href":"https:\/\/villa-landreau.fr\/en\/wp-json\/wp\/v2\/users\/1"}],"replies":[{"embeddable":true,"href":"https:\/\/villa-landreau.fr\/en\/wp-json\/wp\/v2\/comments?post=1192"}],"version-history":[{"count":2,"href":"https:\/\/villa-landreau.fr\/en\/wp-json\/wp\/v2\/pages\/1192\/revisions"}],"predecessor-version":[{"id":1940,"href":"https:\/\/villa-landreau.fr\/en\/wp-json\/wp\/v2\/pages\/1192\/revisions\/1940"}],"wp:attachment":[{"href":"https:\/\/villa-landreau.fr\/en\/wp-json\/wp\/v2\/media?parent=1192"}],"curies":[{"name":"wp","href":"https:\/\/api.w.org\/{rel}","templated":true}]}}