{"id":1201,"date":"2022-11-04T10:13:01","date_gmt":"2022-11-04T09:13:01","guid":{"rendered":"https:\/\/villa-landreau.fr\/sea-fishing\/"},"modified":"2022-12-22T15:42:05","modified_gmt":"2022-12-22T14:42:05","slug":"sea-fishing","status":"publish","type":"page","link":"https:\/\/villa-landreau.fr\/en\/sea-fishing\/","title":{"rendered":"Sea fishing"},"content":{"rendered":"\n<h1 class=\"wp-block-heading\">Fishing  <\/h1>\n\n<h2 class=\"wp-block-heading\">Sea fishing  <\/h2>\n\n<p>Several clubs or structures spread along the coastline will allow you to learn or qualify more about <strong>sea fishing<\/strong>. Whether it is the Ami du P\u00eacheur in St Gilles, David Doussot and Vend\u00e9e P\u00eache Passion in Sables d&#8217;Olonne or many others, these professionals will make you discover the joys of this fishing by making you benefit from their thorough knowledge of the marine environment of Vend\u00e9e. Whether it is big game fishing such as shark or tuna or more common fishing such as sea bass, meagre, pollock or bonito, there is something for all tastes and all levels. Don&#8217;t hesitate to try this <strong>unique experience<\/strong>, the quality of the fish caught is exceptional and as with our sardines from St Gilles, you will be able to enjoy your own catch.<\/p>\n<div class=\"wp-block-sev-diaporama alignfull\">\t\t\t<div id=\"sevgallery-2038914141\" class=\"sev-diaporama sev-diaporama-portfolio\">\r\n\t\t\t<div class=\"row\">\r\n\r\n\t\t\t\r\n\t\t\t\t\r\n\t\t\t\t<div class=\"sev-diaporama-portfolio-item col-12 col-sm  col-shrink\">\r\n\t\t\t\t\t\t\t\t\t\t<a href=\"https:\/\/villa-landreau.fr\/wp-content\/uploads\/2022\/11\/bateau-de-peche-avant-campagne-IMG_9631-1.jpg\" data-lightbox=\"sevgallery-2038914141\" style=\"background-image: url(https:\/\/villa-landreau.fr\/wp-content\/uploads\/2022\/11\/bateau-de-peche-avant-campagne-IMG_9631-1.jpg)\">\r\n\t\t\t\t\t\t\t\t\t\t\t<img decoding=\"async\" src=\"https:\/\/villa-landreau.fr\/wp-content\/uploads\/2022\/11\/bateau-de-peche-avant-campagne-IMG_9631-1.jpg\" alt=\"bateau de p\u00eache\" loading=\"lazy\">\r\n\t\t\t\t\t\t\t\t\t\t<\/a>\r\n\t\t\t\t\t\t\t\t\t<\/div>\r\n\r\n\t\t\t\t\r\n\t\t\t\t\t\t\t\t\t\t\t\r\n\t\t\t\t\r\n\t\t\t\t<div class=\"sev-diaporama-portfolio-item col-12 col-sm  col-grow\">\r\n\t\t\t\t\t\t\t\t\t\t<a href=\"https:\/\/villa-landreau.fr\/wp-content\/uploads\/2022\/11\/bateaux-de-peche-IMG_9178.jpg\" data-lightbox=\"sevgallery-2038914141\" style=\"background-image: url(https:\/\/villa-landreau.fr\/wp-content\/uploads\/2022\/11\/bateaux-de-peche-IMG_9178.jpg)\">\r\n\t\t\t\t\t\t\t\t\t\t\t<img decoding=\"async\" src=\"https:\/\/villa-landreau.fr\/wp-content\/uploads\/2022\/11\/bateaux-de-peche-IMG_9178.jpg\" alt=\"bateau de p\u00eache\" loading=\"lazy\">\r\n\t\t\t\t\t\t\t\t\t\t<\/a>\r\n\t\t\t\t\t\t\t\t\t<\/div>\r\n\r\n\t\t\t\t\r\n\t\t\t\t\t\t\t\t\t\t\t\r\n\t\t\t\t\r\n\t\t\t\t<div class=\"sev-diaporama-portfolio-item col-12 col-sm \">\r\n\t\t\t\t\t\t\t\t\t\t<a href=\"https:\/\/villa-landreau.fr\/wp-content\/uploads\/2022\/11\/LaCrieeLesSablesdOlonne2_792x528.jpg\" data-lightbox=\"sevgallery-2038914141\" style=\"background-image: url(https:\/\/villa-landreau.fr\/wp-content\/uploads\/2022\/11\/LaCrieeLesSablesdOlonne2_792x528.jpg)\">\r\n\t\t\t\t\t\t\t\t\t\t\t<img decoding=\"async\" src=\"https:\/\/villa-landreau.fr\/wp-content\/uploads\/2022\/11\/LaCrieeLesSablesdOlonne2_792x528.jpg\" alt=\"port peche en mer \" loading=\"lazy\">\r\n\t\t\t\t\t\t\t\t\t\t<\/a>\r\n\t\t\t\t\t\t\t\t\t<\/div>\r\n\r\n\t\t\t\t\r\n\t\t\t\t\t\t\t\t\t\t\t\r\n\t\t\t\t\r\n\t\t\t\t<div class=\"sev-diaporama-portfolio-item col-12 col-sm  col-grow\">\r\n\t\t\t\t\t\t\t\t\t\t<a href=\"https:\/\/villa-landreau.fr\/wp-content\/uploads\/2022\/11\/LaCrieeLesSablesdOlonne26_504x756.jpg\" data-lightbox=\"sevgallery-2038914141\" style=\"background-image: url(https:\/\/villa-landreau.fr\/wp-content\/uploads\/2022\/11\/LaCrieeLesSablesdOlonne26_504x756.jpg)\">\r\n\t\t\t\t\t\t\t\t\t\t\t<img decoding=\"async\" src=\"https:\/\/villa-landreau.fr\/wp-content\/uploads\/2022\/11\/LaCrieeLesSablesdOlonne26_504x756.jpg\" alt=\"port de peche Vend\u00e9e\" loading=\"lazy\">\r\n\t\t\t\t\t\t\t\t\t\t<\/a>\r\n\t\t\t\t\t\t\t\t\t<\/div>\r\n\r\n\t\t\t\t\t\t\t\t\t<div class=\"w-100\"><\/div>\r\n\t\t\t\t\t\t\t\t\t\r\n\t\t\t\t\t\t\t\t\t\t\t\t\t\t<\/div>\r\n\t\t\t<\/div>\r\n\t\t\t<\/div>\n<h2 class=\"wp-block-heading\">Fishing on foot<\/h2>\n\n<p><strong> Fishing on foot<\/strong> is also one of the main activities appreciated by our visitors but also by the locals who know the best spots for fishing on foot. During the high tides, you can try your hand at tracking periwinkles and bernacles, but also oysters, pine nuts, cockles, razor clams, small crabs or scallops and mussels. You can also fish bunches of pink or grey shrimp.<br\/><\/p>\n<div class=\"wp-block-sev-diaporama alignfull\">\t\t\t<div id=\"sevgallery-145159771\" class=\"sev-diaporama sev-diaporama-portfolio\">\r\n\t\t\t<div class=\"row\">\r\n\r\n\t\t\t\r\n\t\t\t\t\r\n\t\t\t\t<div class=\"sev-diaporama-portfolio-item col-12 col-sm  col-shrink\">\r\n\t\t\t\t\t\t\t\t\t\t<a href=\"https:\/\/villa-landreau.fr\/wp-content\/uploads\/2022\/11\/DSC_7123.jpg\" data-lightbox=\"sevgallery-145159771\" style=\"background-image: url(https:\/\/villa-landreau.fr\/wp-content\/uploads\/2022\/11\/DSC_7123.jpg)\">\r\n\t\t\t\t\t\t\t\t\t\t\t<img decoding=\"async\" src=\"https:\/\/villa-landreau.fr\/wp-content\/uploads\/2022\/11\/DSC_7123.jpg\" alt=\"p\u00eache \u00e0 pied\" loading=\"lazy\">\r\n\t\t\t\t\t\t\t\t\t\t<\/a>\r\n\t\t\t\t\t\t\t\t\t<\/div>\r\n\r\n\t\t\t\t\r\n\t\t\t\t\t\t\t\t\t\t\t\r\n\t\t\t\t\r\n\t\t\t\t<div class=\"sev-diaporama-portfolio-item col-12 col-sm  col-shrink\">\r\n\t\t\t\t\t\t\t\t\t\t<a href=\"https:\/\/villa-landreau.fr\/wp-content\/uploads\/2022\/11\/peche-a-pied-IMG_5933.jpg\" data-lightbox=\"sevgallery-145159771\" style=\"background-image: url(https:\/\/villa-landreau.fr\/wp-content\/uploads\/2022\/11\/peche-a-pied-IMG_5933.jpg)\">\r\n\t\t\t\t\t\t\t\t\t\t\t<img decoding=\"async\" src=\"https:\/\/villa-landreau.fr\/wp-content\/uploads\/2022\/11\/peche-a-pied-IMG_5933.jpg\" alt=\"p\u00eache \u00e0 pied proche du camping \" loading=\"lazy\">\r\n\t\t\t\t\t\t\t\t\t\t<\/a>\r\n\t\t\t\t\t\t\t\t\t<\/div>\r\n\r\n\t\t\t\t\r\n\t\t\t\t\t\t\t\t\t\t\t\r\n\t\t\t\t\r\n\t\t\t\t<div class=\"sev-diaporama-portfolio-item col-12 col-sm  col-grow\">\r\n\t\t\t\t\t\t\t\t\t\t<a href=\"https:\/\/villa-landreau.fr\/wp-content\/uploads\/2022\/11\/pecheapied-IMG_9785.jpg\" data-lightbox=\"sevgallery-145159771\" style=\"background-image: url(https:\/\/villa-landreau.fr\/wp-content\/uploads\/2022\/11\/pecheapied-IMG_9785.jpg)\">\r\n\t\t\t\t\t\t\t\t\t\t\t<img decoding=\"async\" src=\"https:\/\/villa-landreau.fr\/wp-content\/uploads\/2022\/11\/pecheapied-IMG_9785.jpg\" alt=\"p\u00eache proche camping \" loading=\"lazy\">\r\n\t\t\t\t\t\t\t\t\t\t<\/a>\r\n\t\t\t\t\t\t\t\t\t<\/div>\r\n\r\n\t\t\t\t\t\t\t\t\t<div class=\"w-100\"><\/div>\r\n\t\t\t\t\t\t\t\t\t\r\n\t\t\t\t\t\t\t\t\t\t\t\t\t\t<\/div>\r\n\t\t\t<\/div>\r\n\t\t\t<\/div>\n<p>The tradition of sea fishing goes back a long way, before 1630, it was mainly cod fishing that was practiced, then came, brought back by the Moors, the net fishing that allowed the capture of many sardines in one go. The 19th century appears as a great innovation with the invention by Nicolas Appert of canning with the opening of the first canning factory in 1847. Around the 1880s, most of the sailors converted to tuna fishing, a fish that is highly prized throughout the world, and around the 1960s this activity reached its peak with 26 tuna boats.<\/p>\n","protected":false},"excerpt":{"rendered":"<p>Fishing Sea fishing Several clubs or structures spread along the coastline will allow you to learn or qualify more about sea fishing. Whether it is the Ami du P\u00eacheur in St Gilles, David Doussot and Vend\u00e9e P\u00eache Passion in Sables d&#8217;Olonne or many others, these professionals will make you discover the joys of this fishing [&hellip;]<\/p>\n","protected":false},"author":1,"featured_media":0,"parent":0,"menu_order":0,"comment_status":"closed","ping_status":"closed","template":"","meta":{"_seopress_robots_primary_cat":"","_seopress_titles_title":"Sea fishing - Camping Villa Landreau in Vend\u00e9e","_seopress_titles_desc":"During your stay at Domaine Villa Landreau, you will find one of the main activities of Saint Gilles Croix de Vie: sea fishing.  ","_seopress_robots_index":"","footnotes":""},"class_list":["post-1201","page","type-page","status-publish","hentry"],"_links":{"self":[{"href":"https:\/\/villa-landreau.fr\/en\/wp-json\/wp\/v2\/pages\/1201","targetHints":{"allow":["GET"]}}],"collection":[{"href":"https:\/\/villa-landreau.fr\/en\/wp-json\/wp\/v2\/pages"}],"about":[{"href":"https:\/\/villa-landreau.fr\/en\/wp-json\/wp\/v2\/types\/page"}],"author":[{"embeddable":true,"href":"https:\/\/villa-landreau.fr\/en\/wp-json\/wp\/v2\/users\/1"}],"replies":[{"embeddable":true,"href":"https:\/\/villa-landreau.fr\/en\/wp-json\/wp\/v2\/comments?post=1201"}],"version-history":[{"count":1,"href":"https:\/\/villa-landreau.fr\/en\/wp-json\/wp\/v2\/pages\/1201\/revisions"}],"predecessor-version":[{"id":1202,"href":"https:\/\/villa-landreau.fr\/en\/wp-json\/wp\/v2\/pages\/1201\/revisions\/1202"}],"wp:attachment":[{"href":"https:\/\/villa-landreau.fr\/en\/wp-json\/wp\/v2\/media?parent=1201"}],"curies":[{"name":"wp","href":"https:\/\/api.w.org\/{rel}","templated":true}]}}