{"id":1216,"date":"2022-10-25T11:02:04","date_gmt":"2022-10-25T09:02:04","guid":{"rendered":"https:\/\/villa-landreau.fr\/daytime-activities\/"},"modified":"2023-05-13T16:38:56","modified_gmt":"2023-05-13T14:38:56","slug":"daytime-activities","status":"publish","type":"page","link":"https:\/\/villa-landreau.fr\/en\/daytime-activities\/","title":{"rendered":"Daytime activities"},"content":{"rendered":"\n<h1 class=\"wp-block-heading\">Daytime activities in the village in Vend\u00e9e<\/h1>\n\n<h2 class=\"wp-block-heading\">The animations of the campsite<\/h2>\n\n<p><em>In July and August<\/em><\/p>\n\n<p>Every morning, the <strong>children&#8217;s club<\/strong> welcomes your little ones to do creative activities, games, treasure hunts or plays that they will then proudly perform in our showroom.<\/p>\n\n<p>For the older children, our animation teams offer <strong>sports tournaments<\/strong>, volleyball, ping pong, soccer, aqua volleyball, but also initiations to dance, fitness, stretching, aqua dance or escapes by bike or on foot in the coastal landscapes.<\/p>\n\n<p>Everything is there for<strong> moments of meeting<\/strong>, laughter, release and relaxation &#8230;. What to make your stays unforgettable moments.<\/p>\n<div class=\"wp-block-sev-diaporama alignfull\">\t\t\t<div id=\"sevgallery-17085935\" class=\"sev-diaporama sev-diaporama-portfolio\">\r\n\t\t\t<div class=\"row\">\r\n\r\n\t\t\t\r\n\t\t\t\t\r\n\t\t\t\t<div class=\"sev-diaporama-portfolio-item col-12 col-sm \">\r\n\t\t\t\t\t\t\t\t\t\t<a href=\"https:\/\/villa-landreau.fr\/wp-content\/uploads\/2022\/10\/image00001-1.jpg\" data-lightbox=\"sevgallery-17085935\" style=\"background-image: url(https:\/\/villa-landreau.fr\/wp-content\/uploads\/2022\/10\/image00001-1.jpg)\">\r\n\t\t\t\t\t\t\t\t\t\t\t<img decoding=\"async\" src=\"https:\/\/villa-landreau.fr\/wp-content\/uploads\/2022\/10\/image00001-1.jpg\" alt=\"\u00e9quipement du camping\" loading=\"lazy\">\r\n\t\t\t\t\t\t\t\t\t\t<\/a>\r\n\t\t\t\t\t\t\t\t\t<\/div>\r\n\r\n\t\t\t\t\r\n\t\t\t\t\t\t\t\t\t\t\t\r\n\t\t\t\t\r\n\t\t\t\t<div class=\"sev-diaporama-portfolio-item col-12 col-sm  col-shrink\">\r\n\t\t\t\t\t\t\t\t\t\t<a href=\"https:\/\/villa-landreau.fr\/wp-content\/uploads\/2022\/10\/image00004-1.jpg\" data-lightbox=\"sevgallery-17085935\" style=\"background-image: url(https:\/\/villa-landreau.fr\/wp-content\/uploads\/2022\/10\/image00004-1.jpg)\">\r\n\t\t\t\t\t\t\t\t\t\t\t<img decoding=\"async\" src=\"https:\/\/villa-landreau.fr\/wp-content\/uploads\/2022\/10\/image00004-1.jpg\" alt=\"camping avec piscine \" loading=\"lazy\">\r\n\t\t\t\t\t\t\t\t\t\t<\/a>\r\n\t\t\t\t\t\t\t\t\t<\/div>\r\n\r\n\t\t\t\t\r\n\t\t\t\t\t\t\t\t\t\t\t\r\n\t\t\t\t\r\n\t\t\t\t<div class=\"sev-diaporama-portfolio-item col-12 col-sm \">\r\n\t\t\t\t\t\t\t\t\t\t<a href=\"https:\/\/villa-landreau.fr\/wp-content\/uploads\/2022\/10\/image00006-1.jpg\" data-lightbox=\"sevgallery-17085935\" style=\"background-image: url(https:\/\/villa-landreau.fr\/wp-content\/uploads\/2022\/10\/image00006-1.jpg)\">\r\n\t\t\t\t\t\t\t\t\t\t\t<img decoding=\"async\" src=\"https:\/\/villa-landreau.fr\/wp-content\/uploads\/2022\/10\/image00006-1.jpg\" alt=\"piscine du camping ouvert toute l&#039;ann\u00e9e\" loading=\"lazy\">\r\n\t\t\t\t\t\t\t\t\t\t<\/a>\r\n\t\t\t\t\t\t\t\t\t<\/div>\r\n\r\n\t\t\t\t\t\t\t\t\t<div class=\"w-100\"><\/div>\r\n\t\t\t\t\t\t\t\t\t\r\n\t\t\t\t\t\t\t\t\t\t\t\r\n\t\t\t\t\r\n\t\t\t\t<div class=\"sev-diaporama-portfolio-item col-12 col-sm  col-grow\">\r\n\t\t\t\t\t\t\t\t\t\t<a href=\"https:\/\/villa-landreau.fr\/wp-content\/uploads\/2022\/10\/image00043-2.jpg\" data-lightbox=\"sevgallery-17085935\" style=\"background-image: url(https:\/\/villa-landreau.fr\/wp-content\/uploads\/2022\/10\/image00043-2.jpg)\">\r\n\t\t\t\t\t\t\t\t\t\t\t<img decoding=\"async\" src=\"https:\/\/villa-landreau.fr\/wp-content\/uploads\/2022\/10\/image00043-2.jpg\" alt=\"piscine du camping en Vend\u00e9e\" loading=\"lazy\">\r\n\t\t\t\t\t\t\t\t\t\t<\/a>\r\n\t\t\t\t\t\t\t\t\t<\/div>\r\n\r\n\t\t\t\t\r\n\t\t\t\t\t\t\t\t\t\t\t\r\n\t\t\t\t\r\n\t\t\t\t<div class=\"sev-diaporama-portfolio-item col-12 col-sm  col-shrink\">\r\n\t\t\t\t\t\t\t\t\t\t<a href=\"https:\/\/villa-landreau.fr\/wp-content\/uploads\/2022\/10\/image00045-1.jpg\" data-lightbox=\"sevgallery-17085935\" style=\"background-image: url(https:\/\/villa-landreau.fr\/wp-content\/uploads\/2022\/10\/image00045-1.jpg)\">\r\n\t\t\t\t\t\t\t\t\t\t\t<img decoding=\"async\" src=\"https:\/\/villa-landreau.fr\/wp-content\/uploads\/2022\/10\/image00045-1.jpg\" alt=\"animation du camping en Vend\u00e9e\" loading=\"lazy\">\r\n\t\t\t\t\t\t\t\t\t\t<\/a>\r\n\t\t\t\t\t\t\t\t\t<\/div>\r\n\r\n\t\t\t\t\r\n\t\t\t\t\t\t\t\t\t\t\t\r\n\t\t\t\t\r\n\t\t\t\t<div class=\"sev-diaporama-portfolio-item col-12 col-sm  col-grow\">\r\n\t\t\t\t\t\t\t\t\t\t<a href=\"https:\/\/villa-landreau.fr\/wp-content\/uploads\/2022\/10\/image00046.jpg\" data-lightbox=\"sevgallery-17085935\" style=\"background-image: url(https:\/\/villa-landreau.fr\/wp-content\/uploads\/2022\/10\/image00046.jpg)\">\r\n\t\t\t\t\t\t\t\t\t\t\t<img decoding=\"async\" src=\"https:\/\/villa-landreau.fr\/wp-content\/uploads\/2022\/10\/image00046.jpg\" alt=\"camping avec animations pour les enfants\" loading=\"lazy\">\r\n\t\t\t\t\t\t\t\t\t\t<\/a>\r\n\t\t\t\t\t\t\t\t\t<\/div>\r\n\r\n\t\t\t\t\t\t\t\t\t<div class=\"w-100\"><\/div>\r\n\t\t\t\t\t\t\t\t\t\r\n\t\t\t\t\t\t\t\t\t\t\t\t\t\t<\/div>\r\n\t\t\t<\/div>\r\n\t\t\t<\/div>\n<figure class=\"wp-block-image size-full\"><img loading=\"lazy\" decoding=\"async\" width=\"640\" height=\"480\" src=\"https:\/\/villa-landreau.fr\/wp-content\/uploads\/2023\/05\/IMG_1960.jpg\" alt=\"\" class=\"wp-image-1928\" srcset=\"https:\/\/villa-landreau.fr\/wp-content\/uploads\/2023\/05\/IMG_1960.jpg 640w, https:\/\/villa-landreau.fr\/wp-content\/uploads\/2023\/05\/IMG_1960-300x225.jpg 300w\" sizes=\"auto, (max-width: 640px) 100vw, 640px\" \/><\/figure>","protected":false},"excerpt":{"rendered":"<p>Daytime activities in the village in Vend\u00e9e The animations of the campsite In July and August Every morning, the children&#8217;s club welcomes your little ones to do creative activities, games, treasure hunts or plays that they will then proudly perform in our showroom. For the older children, our animation teams offer sports tournaments, volleyball, ping [&hellip;]<\/p>\n","protected":false},"author":1,"featured_media":0,"parent":0,"menu_order":0,"comment_status":"closed","ping_status":"closed","template":"","meta":{"_seopress_robots_primary_cat":"","_seopress_titles_title":"Activit\u00e9s et \u00e9quipements du camping 3 \u00e9toiles en Vend\u00e9e","_seopress_titles_desc":"Le camping 3 \u00e9toiles Villa Landreau situ\u00e9 pr\u00e8s de Saint Gilles Croix de Vie, vous propose de nombreuses activit\u00e9s et \u00e9quipements. ","_seopress_robots_index":"","footnotes":""},"class_list":["post-1216","page","type-page","status-publish","hentry"],"_links":{"self":[{"href":"https:\/\/villa-landreau.fr\/en\/wp-json\/wp\/v2\/pages\/1216","targetHints":{"allow":["GET"]}}],"collection":[{"href":"https:\/\/villa-landreau.fr\/en\/wp-json\/wp\/v2\/pages"}],"about":[{"href":"https:\/\/villa-landreau.fr\/en\/wp-json\/wp\/v2\/types\/page"}],"author":[{"embeddable":true,"href":"https:\/\/villa-landreau.fr\/en\/wp-json\/wp\/v2\/users\/1"}],"replies":[{"embeddable":true,"href":"https:\/\/villa-landreau.fr\/en\/wp-json\/wp\/v2\/comments?post=1216"}],"version-history":[{"count":3,"href":"https:\/\/villa-landreau.fr\/en\/wp-json\/wp\/v2\/pages\/1216\/revisions"}],"predecessor-version":[{"id":1949,"href":"https:\/\/villa-landreau.fr\/en\/wp-json\/wp\/v2\/pages\/1216\/revisions\/1949"}],"wp:attachment":[{"href":"https:\/\/villa-landreau.fr\/en\/wp-json\/wp\/v2\/media?parent=1216"}],"curies":[{"name":"wp","href":"https:\/\/api.w.org\/{rel}","templated":true}]}}