{"id":1235,"date":"2022-10-25T10:56:26","date_gmt":"2022-10-25T08:56:26","guid":{"rendered":"https:\/\/villa-landreau.fr\/services\/"},"modified":"2022-12-22T15:42:07","modified_gmt":"2022-12-22T14:42:07","slug":"services","status":"publish","type":"page","link":"https:\/\/villa-landreau.fr\/en\/services\/","title":{"rendered":"Services"},"content":{"rendered":"\n<h1 class=\"wp-block-heading\">The services of the Villa Landreau estate<\/h1>\n\n<div class=\"wp-block-columns is-layout-flex wp-container-core-columns-is-layout-28f84493 wp-block-columns-is-layout-flex\">\n<div class=\"wp-block-column is-layout-flow wp-block-column-is-layout-flow\">\n<p><strong>In July and August :<\/strong><\/p>\n\n\n\n<ul class=\"wp-block-list\"><li>Bar with terrace overlooking the pool<\/li><li>Animations for all ages<\/li><li>Kids club with creative activities<\/li><li>Bicycle rentals through our partner who delivers them directly to the campsite<\/li><li>Dances, meals, concerts, shows&#8230;<\/li><li>Washing machine and dryer (tokens and laundry detergent at the reception)<\/li><li>Snack bar, rotisserie and pizza to go<\/li><\/ul><\/div>\n\n\n\n<div class=\"wp-block-column is-layout-flow wp-block-column-is-layout-flow\">\n<p><strong>All year round :<\/strong><\/p>\n\n\n\n<ul class=\"wp-block-list\"><li>Wifi on all sites (paying)<\/li><li>Petanque field<\/li><li>Playground for children<\/li><\/ul><\/div>\n<\/div>\n<div class=\"wp-block-sev-diaporama alignfull\">\t\t\t<div id=\"sevgallery-386424921\" class=\"sev-diaporama sev-diaporama-portfolio\">\r\n\t\t\t<div class=\"row\">\r\n\r\n\t\t\t\r\n\t\t\t\t\r\n\t\t\t\t<div class=\"sev-diaporama-portfolio-item col-12 col-sm  col-shrink\">\r\n\t\t\t\t\t\t\t\t\t\t<a href=\"https:\/\/villa-landreau.fr\/wp-content\/uploads\/2022\/10\/image00043-1.jpg\" data-lightbox=\"sevgallery-386424921\" style=\"background-image: url(https:\/\/villa-landreau.fr\/wp-content\/uploads\/2022\/10\/image00043-1.jpg)\">\r\n\t\t\t\t\t\t\t\t\t\t\t<img decoding=\"async\" src=\"https:\/\/villa-landreau.fr\/wp-content\/uploads\/2022\/10\/image00043-1.jpg\" alt=\"services du camping en Vend\u00e9e\" loading=\"lazy\">\r\n\t\t\t\t\t\t\t\t\t\t<\/a>\r\n\t\t\t\t\t\t\t\t\t<\/div>\r\n\r\n\t\t\t\t\r\n\t\t\t\t\t\t\t\t\t\t\t\r\n\t\t\t\t\r\n\t\t\t\t<div class=\"sev-diaporama-portfolio-item col-12 col-sm \">\r\n\t\t\t\t\t\t\t\t\t\t<a href=\"https:\/\/villa-landreau.fr\/wp-content\/uploads\/2022\/10\/image00045.jpg\" data-lightbox=\"sevgallery-386424921\" style=\"background-image: url(https:\/\/villa-landreau.fr\/wp-content\/uploads\/2022\/10\/image00045.jpg)\">\r\n\t\t\t\t\t\t\t\t\t\t\t<img decoding=\"async\" src=\"https:\/\/villa-landreau.fr\/wp-content\/uploads\/2022\/10\/image00045.jpg\" alt=\"service camping ouvert \u00e0 l&#039;ann\u00e9e\" loading=\"lazy\">\r\n\t\t\t\t\t\t\t\t\t\t<\/a>\r\n\t\t\t\t\t\t\t\t\t<\/div>\r\n\r\n\t\t\t\t\r\n\t\t\t\t\t\t\t\t\t\t\t\r\n\t\t\t\t\r\n\t\t\t\t<div class=\"sev-diaporama-portfolio-item col-12 col-sm  col-grow\">\r\n\t\t\t\t\t\t\t\t\t\t<a href=\"https:\/\/villa-landreau.fr\/wp-content\/uploads\/2022\/10\/image00047-1.jpg\" data-lightbox=\"sevgallery-386424921\" style=\"background-image: url(https:\/\/villa-landreau.fr\/wp-content\/uploads\/2022\/10\/image00047-1.jpg)\">\r\n\t\t\t\t\t\t\t\t\t\t\t<img decoding=\"async\" src=\"https:\/\/villa-landreau.fr\/wp-content\/uploads\/2022\/10\/image00047-1.jpg\" alt=\"camping ouvert \u00e0 l&#039;ann\u00e9e\" loading=\"lazy\">\r\n\t\t\t\t\t\t\t\t\t\t<\/a>\r\n\t\t\t\t\t\t\t\t\t<\/div>\r\n\r\n\t\t\t\t\t\t\t\t\t<div class=\"w-100\"><\/div>\r\n\t\t\t\t\t\t\t\t\t\r\n\t\t\t\t\t\t\t\t\t\t\t\r\n\t\t\t\t\r\n\t\t\t\t<div class=\"sev-diaporama-portfolio-item col-12 col-sm  col-grow\">\r\n\t\t\t\t\t\t\t\t\t\t<a href=\"https:\/\/villa-landreau.fr\/wp-content\/uploads\/2022\/10\/image00057-1.jpg\" data-lightbox=\"sevgallery-386424921\" style=\"background-image: url(https:\/\/villa-landreau.fr\/wp-content\/uploads\/2022\/10\/image00057-1.jpg)\">\r\n\t\t\t\t\t\t\t\t\t\t\t<img decoding=\"async\" src=\"https:\/\/villa-landreau.fr\/wp-content\/uploads\/2022\/10\/image00057-1.jpg\" alt=\"camping ouvert toute l&#039;ann\u00e9e\" loading=\"lazy\">\r\n\t\t\t\t\t\t\t\t\t\t<\/a>\r\n\t\t\t\t\t\t\t\t\t<\/div>\r\n\r\n\t\t\t\t\r\n\t\t\t\t\t\t\t\t\t\t\t\r\n\t\t\t\t\r\n\t\t\t\t<div class=\"sev-diaporama-portfolio-item col-12 col-sm  col-grow\">\r\n\t\t\t\t\t\t\t\t\t\t<a href=\"https:\/\/villa-landreau.fr\/wp-content\/uploads\/2022\/10\/IMG_5884-1.jpg\" data-lightbox=\"sevgallery-386424921\" style=\"background-image: url(https:\/\/villa-landreau.fr\/wp-content\/uploads\/2022\/10\/IMG_5884-1.jpg)\">\r\n\t\t\t\t\t\t\t\t\t\t\t<img decoding=\"async\" src=\"https:\/\/villa-landreau.fr\/wp-content\/uploads\/2022\/10\/IMG_5884-1.jpg\" alt=\"Camping ouvert \u00e0 l&#039;ann\u00e9e en Vend\u00e9e\" loading=\"lazy\">\r\n\t\t\t\t\t\t\t\t\t\t<\/a>\r\n\t\t\t\t\t\t\t\t\t<\/div>\r\n\r\n\t\t\t\t\r\n\t\t\t\t\t\t\t\t\t\t\t\t\t\t<\/div>\r\n\t\t\t<\/div>\r\n\t\t\t<\/div>","protected":false},"excerpt":{"rendered":"<p>The services of the Villa Landreau estate In July and August : Bar with terrace overlooking the pool Animations for all ages Kids club with creative activities Bicycle rentals through our partner who delivers them directly to the campsite Dances, meals, concerts, shows&#8230; Washing machine and dryer (tokens and laundry detergent at the reception) Snack [&hellip;]<\/p>\n","protected":false},"author":1,"featured_media":0,"parent":0,"menu_order":0,"comment_status":"closed","ping_status":"closed","template":"","meta":{"_seopress_robots_primary_cat":"","_seopress_titles_title":"The services of the Villa Landreau estate in the Vend\u00e9e","_seopress_titles_desc":"During your stay in the Vend\u00e9e at the Villa Landreau campsite, take advantage of the many services at your disposal, snack bar, parties, kids club...","_seopress_robots_index":"","footnotes":""},"class_list":["post-1235","page","type-page","status-publish","hentry"],"_links":{"self":[{"href":"https:\/\/villa-landreau.fr\/en\/wp-json\/wp\/v2\/pages\/1235","targetHints":{"allow":["GET"]}}],"collection":[{"href":"https:\/\/villa-landreau.fr\/en\/wp-json\/wp\/v2\/pages"}],"about":[{"href":"https:\/\/villa-landreau.fr\/en\/wp-json\/wp\/v2\/types\/page"}],"author":[{"embeddable":true,"href":"https:\/\/villa-landreau.fr\/en\/wp-json\/wp\/v2\/users\/1"}],"replies":[{"embeddable":true,"href":"https:\/\/villa-landreau.fr\/en\/wp-json\/wp\/v2\/comments?post=1235"}],"version-history":[{"count":1,"href":"https:\/\/villa-landreau.fr\/en\/wp-json\/wp\/v2\/pages\/1235\/revisions"}],"predecessor-version":[{"id":1240,"href":"https:\/\/villa-landreau.fr\/en\/wp-json\/wp\/v2\/pages\/1235\/revisions\/1240"}],"wp:attachment":[{"href":"https:\/\/villa-landreau.fr\/en\/wp-json\/wp\/v2\/media?parent=1235"}],"curies":[{"name":"wp","href":"https:\/\/api.w.org\/{rel}","templated":true}]}}