{"id":1241,"date":"2022-11-04T09:55:01","date_gmt":"2022-11-04T08:55:01","guid":{"rendered":"https:\/\/villa-landreau.fr\/saint-gilles-croix-de-vie\/"},"modified":"2022-12-22T15:42:09","modified_gmt":"2022-12-22T14:42:09","slug":"saint-gilles-croix-de-vie","status":"publish","type":"page","link":"https:\/\/villa-landreau.fr\/en\/saint-gilles-croix-de-vie\/","title":{"rendered":"Saint Gilles Croix de Vie"},"content":{"rendered":"\n<h1 class=\"wp-block-heading\">Saint Gilles Croix de Vie<\/h1>\n\n<h2 class=\"wp-block-heading\">The seaside resort of St Gilles Croix de Vie<\/h2>\n\n<div class=\"wp-block-columns is-layout-flex wp-container-core-columns-is-layout-28f84493 wp-block-columns-is-layout-flex\">\n<div class=\"wp-block-column is-layout-flow wp-block-column-is-layout-flow\">\n<p>The VILLA LANDREAU campsite is located 1.2 km from ST GILLES CROIX DE VIE<\/p>\n\n\n\n<p>This seaside resort offers you the sea, its <strong>beaches<\/strong> as well as its pedestrian streets, its fishing and sailing harbour, its shops, supermarkets, casino&#8230;<\/p>\n\n\n\n<p>On the <strong>markets<\/strong>, come and discover our many regional products:<\/p>\n\n\n\n<ul class=\"wp-block-list\">\n<li>Wednesday and Saturday mornings: Croix de Vie &#8211; Place Guy Kergoustin  <\/li>\n\n\n\n<li>Tuesday, Thursday and Sunday mornings: St Gilles &#8211; Place du March\u00e9 aux Herbes<\/li>\n<\/ul>\n\n\n\n<p><strong>St Gilles has :<\/strong><\/p>\n\n\n\n<ul class=\"wp-block-list\">\n<li>Bicycle paths and hiking trails  <\/li>\n\n\n\n<li>beaches and forests  <\/li>\n\n\n\n<li>Fishing and pleasure port in the heart of the city  <\/li>\n\n\n\n<li>Fishing outside the campground on the river &#8220;La Vie&#8221; bordered by marshes (500 m)  <\/li>\n\n\n\n<li>Mini-golf, bowling, tennis, go-karting  <\/li>\n\n\n\n<li>Canoeing, horse riding  <\/li>\n\n\n\n<li>Casino, discotheques, cinema complex  <\/li>\n\n\n\n<li>Summer activities, cultural attractions of the country<\/li>\n\n\n\n<li>Supermarkets and local markets, gastronomy<\/li>\n\n\n\n<li>Train station, bike rental<\/li>\n<\/ul>\n\n\n\n<p><br\/><\/p>\n<\/div>\n\n\n\n<div class=\"wp-block-column is-layout-flow wp-block-column-is-layout-flow\">\n<p>There is an important fishing fleet and emblematic <strong>sardine canneries<\/strong>. Immortalized in several movies, the city offers you instructive and pleasant walks in its marina but also in its fishing port, the  <strong>first sardine port on the Atlantic coast  <\/strong>and the fish market, on the Boisvinet beach and the large beach of St Gilles but also in the district of Morocco and its typical houses such as the fisherman&#8217;s house dating from 1920 and remained in its juice of the time.<\/p>\n\n\n\n<p>The <strong>local markets<\/strong> will allow you to treat yourself by buying freshly caught seafood but also our famous Vend\u00e9e ham, the Pr\u00e9fou, the Noirmoutier salt, the Vend\u00e9e brioche, the Vend\u00e9e fion, the troussepinette and the wines of the Vend\u00e9e fiefs.<\/p>\n<\/div>\n<\/div>\n<div class=\"wp-block-sev-diaporama alignfull\">\t\t\t<div id=\"sevgallery-1975164914\" class=\"sev-diaporama sev-diaporama-portfolio\">\r\n\t\t\t<div class=\"row\">\r\n\r\n\t\t\t\r\n\t\t\t\t\r\n\t\t\t\t<div class=\"sev-diaporama-portfolio-item col-12 col-sm  col-shrink\">\r\n\t\t\t\t\t\t\t\t\t\t<a href=\"https:\/\/villa-landreau.fr\/wp-content\/uploads\/2022\/11\/Saint-Gilles-Croix-de-Vie-DSC_1696.jpg\" data-lightbox=\"sevgallery-1975164914\" style=\"background-image: url(https:\/\/villa-landreau.fr\/wp-content\/uploads\/2022\/11\/Saint-Gilles-Croix-de-Vie-DSC_1696.jpg)\">\r\n\t\t\t\t\t\t\t\t\t\t\t<img decoding=\"async\" src=\"https:\/\/villa-landreau.fr\/wp-content\/uploads\/2022\/11\/Saint-Gilles-Croix-de-Vie-DSC_1696.jpg\" alt=\"visite de la ville de saint gilles croix de vie\" loading=\"lazy\">\r\n\t\t\t\t\t\t\t\t\t\t<\/a>\r\n\t\t\t\t\t\t\t\t\t<\/div>\r\n\r\n\t\t\t\t\r\n\t\t\t\t\t\t\t\t\t\t\t\r\n\t\t\t\t\r\n\t\t\t\t<div class=\"sev-diaporama-portfolio-item col-12 col-sm  col-shrink\">\r\n\t\t\t\t\t\t\t\t\t\t<a href=\"https:\/\/villa-landreau.fr\/wp-content\/uploads\/2022\/11\/Saint-Gilles-Croix-de-Vie-DSC_2555-1.jpg\" data-lightbox=\"sevgallery-1975164914\" style=\"background-image: url(https:\/\/villa-landreau.fr\/wp-content\/uploads\/2022\/11\/Saint-Gilles-Croix-de-Vie-DSC_2555-1.jpg)\">\r\n\t\t\t\t\t\t\t\t\t\t\t<img decoding=\"async\" src=\"https:\/\/villa-landreau.fr\/wp-content\/uploads\/2022\/11\/Saint-Gilles-Croix-de-Vie-DSC_2555-1.jpg\" alt=\"cabine de plage de saint gilles croix de vie\" loading=\"lazy\">\r\n\t\t\t\t\t\t\t\t\t\t<\/a>\r\n\t\t\t\t\t\t\t\t\t<\/div>\r\n\r\n\t\t\t\t\r\n\t\t\t\t\t\t\t\t\t\t\t\r\n\t\t\t\t\r\n\t\t\t\t<div class=\"sev-diaporama-portfolio-item col-12 col-sm \">\r\n\t\t\t\t\t\t\t\t\t\t<a href=\"https:\/\/villa-landreau.fr\/wp-content\/uploads\/2022\/11\/saint-gilles-croix-de-vie-IMG_5486-1.jpg\" data-lightbox=\"sevgallery-1975164914\" style=\"background-image: url(https:\/\/villa-landreau.fr\/wp-content\/uploads\/2022\/11\/saint-gilles-croix-de-vie-IMG_5486-1.jpg)\">\r\n\t\t\t\t\t\t\t\t\t\t\t<img decoding=\"async\" src=\"https:\/\/villa-landreau.fr\/wp-content\/uploads\/2022\/11\/saint-gilles-croix-de-vie-IMG_5486-1.jpg\" alt=\"port de saint gilles croix de vie\" loading=\"lazy\">\r\n\t\t\t\t\t\t\t\t\t\t<\/a>\r\n\t\t\t\t\t\t\t\t\t<\/div>\r\n\r\n\t\t\t\t\r\n\t\t\t\t\t\t\t\t\t\t\t\r\n\t\t\t\t\r\n\t\t\t\t<div class=\"sev-diaporama-portfolio-item col-12 col-sm  col-grow\">\r\n\t\t\t\t\t\t\t\t\t\t<a href=\"https:\/\/villa-landreau.fr\/wp-content\/uploads\/2022\/11\/saint-gilles-croix-de-vie-IMG_5606-1.jpg\" data-lightbox=\"sevgallery-1975164914\" style=\"background-image: url(https:\/\/villa-landreau.fr\/wp-content\/uploads\/2022\/11\/saint-gilles-croix-de-vie-IMG_5606-1.jpg)\">\r\n\t\t\t\t\t\t\t\t\t\t\t<img decoding=\"async\" src=\"https:\/\/villa-landreau.fr\/wp-content\/uploads\/2022\/11\/saint-gilles-croix-de-vie-IMG_5606-1.jpg\" alt=\"plage de saint gilles croix de vie\" loading=\"lazy\">\r\n\t\t\t\t\t\t\t\t\t\t<\/a>\r\n\t\t\t\t\t\t\t\t\t<\/div>\r\n\r\n\t\t\t\t\t\t\t\t\t<div class=\"w-100\"><\/div>\r\n\t\t\t\t\t\t\t\t\t\r\n\t\t\t\t\t\t\t\t\t\t\t\r\n\t\t\t\t\r\n\t\t\t\t<div class=\"sev-diaporama-portfolio-item col-12 col-sm \">\r\n\t\t\t\t\t\t\t\t\t\t<a href=\"https:\/\/villa-landreau.fr\/wp-content\/uploads\/2022\/11\/saint-gilles-croix-de-vie-plage-de-boisvinet-DSC_3989.jpg\" data-lightbox=\"sevgallery-1975164914\" style=\"background-image: url(https:\/\/villa-landreau.fr\/wp-content\/uploads\/2022\/11\/saint-gilles-croix-de-vie-plage-de-boisvinet-DSC_3989.jpg)\">\r\n\t\t\t\t\t\t\t\t\t\t\t<img decoding=\"async\" src=\"https:\/\/villa-landreau.fr\/wp-content\/uploads\/2022\/11\/saint-gilles-croix-de-vie-plage-de-boisvinet-DSC_3989.jpg\" alt=\"plage de saint gilles croix de vie\" loading=\"lazy\">\r\n\t\t\t\t\t\t\t\t\t\t<\/a>\r\n\t\t\t\t\t\t\t\t\t<\/div>\r\n\r\n\t\t\t\t\r\n\t\t\t\t\t\t\t\t\t\t\t\r\n\t\t\t\t\r\n\t\t\t\t<div class=\"sev-diaporama-portfolio-item col-12 col-sm  col-shrink\">\r\n\t\t\t\t\t\t\t\t\t\t<a href=\"https:\/\/villa-landreau.fr\/wp-content\/uploads\/2022\/11\/saint-gilles-croix-de-vie-rue-commercante-pietonne-general-de-gaulle-DSC_3731.jpg\" data-lightbox=\"sevgallery-1975164914\" style=\"background-image: url(https:\/\/villa-landreau.fr\/wp-content\/uploads\/2022\/11\/saint-gilles-croix-de-vie-rue-commercante-pietonne-general-de-gaulle-DSC_3731.jpg)\">\r\n\t\t\t\t\t\t\t\t\t\t\t<img decoding=\"async\" src=\"https:\/\/villa-landreau.fr\/wp-content\/uploads\/2022\/11\/saint-gilles-croix-de-vie-rue-commercante-pietonne-general-de-gaulle-DSC_3731.jpg\" alt=\"centre ville avec commer\u00e7ant \u00e0 St Gille croix de vie\" loading=\"lazy\">\r\n\t\t\t\t\t\t\t\t\t\t<\/a>\r\n\t\t\t\t\t\t\t\t\t<\/div>\r\n\r\n\t\t\t\t\r\n\t\t\t\t\t\t\t\t\t\t\t\r\n\t\t\t\t\r\n\t\t\t\t<div class=\"sev-diaporama-portfolio-item col-12 col-sm  col-shrink\">\r\n\t\t\t\t\t\t\t\t\t\t<a href=\"https:\/\/villa-landreau.fr\/wp-content\/uploads\/2022\/11\/vlcsnap-2017-11-29-19h32m00s415.jpg\" data-lightbox=\"sevgallery-1975164914\" style=\"background-image: url(https:\/\/villa-landreau.fr\/wp-content\/uploads\/2022\/11\/vlcsnap-2017-11-29-19h32m00s415.jpg)\">\r\n\t\t\t\t\t\t\t\t\t\t\t<img decoding=\"async\" src=\"https:\/\/villa-landreau.fr\/wp-content\/uploads\/2022\/11\/vlcsnap-2017-11-29-19h32m00s415.jpg\" alt=\"plage de saint gilles croix de vie\" loading=\"lazy\">\r\n\t\t\t\t\t\t\t\t\t\t<\/a>\r\n\t\t\t\t\t\t\t\t\t<\/div>\r\n\r\n\t\t\t\t\r\n\t\t\t\t\t\t\t\t\t\t\t\t\t\t<\/div>\r\n\t\t\t<\/div>\r\n\t\t\t<\/div>","protected":false},"excerpt":{"rendered":"<p>Saint Gilles Croix de Vie The seaside resort of St Gilles Croix de Vie The VILLA LANDREAU campsite is located 1.2 km from ST GILLES CROIX DE VIE This seaside resort offers you the sea, its beaches as well as its pedestrian streets, its fishing and sailing harbour, its shops, supermarkets, casino&#8230; On the markets, [&hellip;]<\/p>\n","protected":false},"author":1,"featured_media":0,"parent":0,"menu_order":0,"comment_status":"closed","ping_status":"closed","template":"","meta":{"_seopress_robots_primary_cat":"","_seopress_titles_title":"Saint Gilles Croix de Vie and its beaches - Camping Villa Landreau","_seopress_titles_desc":"Discover Saint Gilles Croix de Vie and its fine sandy beaches, a resort located near the campsite with covered swimming pool Villa Landreau","_seopress_robots_index":"","footnotes":""},"class_list":["post-1241","page","type-page","status-publish","hentry"],"_links":{"self":[{"href":"https:\/\/villa-landreau.fr\/en\/wp-json\/wp\/v2\/pages\/1241","targetHints":{"allow":["GET"]}}],"collection":[{"href":"https:\/\/villa-landreau.fr\/en\/wp-json\/wp\/v2\/pages"}],"about":[{"href":"https:\/\/villa-landreau.fr\/en\/wp-json\/wp\/v2\/types\/page"}],"author":[{"embeddable":true,"href":"https:\/\/villa-landreau.fr\/en\/wp-json\/wp\/v2\/users\/1"}],"replies":[{"embeddable":true,"href":"https:\/\/villa-landreau.fr\/en\/wp-json\/wp\/v2\/comments?post=1241"}],"version-history":[{"count":1,"href":"https:\/\/villa-landreau.fr\/en\/wp-json\/wp\/v2\/pages\/1241\/revisions"}],"predecessor-version":[{"id":1247,"href":"https:\/\/villa-landreau.fr\/en\/wp-json\/wp\/v2\/pages\/1241\/revisions\/1247"}],"wp:attachment":[{"href":"https:\/\/villa-landreau.fr\/en\/wp-json\/wp\/v2\/media?parent=1241"}],"curies":[{"name":"wp","href":"https:\/\/api.w.org\/{rel}","templated":true}]}}