{"id":1199,"date":"2022-11-04T10:13:01","date_gmt":"2022-11-04T09:13:01","guid":{"rendered":"https:\/\/villa-landreau.fr\/zeevisserij\/"},"modified":"2022-12-22T15:42:05","modified_gmt":"2022-12-22T14:42:05","slug":"zeevisserij","status":"publish","type":"page","link":"https:\/\/villa-landreau.fr\/nl\/zeevisserij\/","title":{"rendered":"Zeevisserij"},"content":{"rendered":"\n<h1 class=\"wp-block-heading\">Vissen  <\/h1>\n\n<h2 class=\"wp-block-heading\">Zeevisserij  <\/h2>\n\n<p>Verschillende clubs of structuren verspreid langs de kustlijn stellen u in staat om meer te leren of te kwalificeren over <strong>zeevissen<\/strong>. Of het nu gaat om de Ami du P\u00eacheur in St Gilles, David Doussot en Vend\u00e9e P\u00eache Passion in Sables d&#8217;Olonne of vele andere, deze professionals helpen u het plezier van deze vorm van vissen te ontdekken door u te laten profiteren van hun diepgaande kennis van het mariene milieu van de Vend\u00e9e. Of het nu gaat om het vissen op groot wild zoals haai of tonijn, of de meer gewone visserij zoals zeebaars, schartong, koolvis of bonito, er is voor elk wat wils en voor elk niveau. Aarzel niet om deze <strong>unieke ervaring<\/strong> te proberen, de kwaliteit van de gevangen vis is uitzonderlijk en net als bij onze sardines uit St Gilles kunt u genieten van het proeven van uw eigen vangst.<\/p>\n<div class=\"wp-block-sev-diaporama alignfull\">\t\t\t<div id=\"sevgallery-468893185\" class=\"sev-diaporama sev-diaporama-portfolio\">\r\n\t\t\t<div class=\"row\">\r\n\r\n\t\t\t\r\n\t\t\t\t\r\n\t\t\t\t<div class=\"sev-diaporama-portfolio-item col-12 col-sm  col-grow\">\r\n\t\t\t\t\t\t\t\t\t\t<a href=\"https:\/\/villa-landreau.fr\/wp-content\/uploads\/2022\/11\/bateau-de-peche-avant-campagne-IMG_9631-1.jpg\" data-lightbox=\"sevgallery-468893185\" style=\"background-image: url(https:\/\/villa-landreau.fr\/wp-content\/uploads\/2022\/11\/bateau-de-peche-avant-campagne-IMG_9631-1.jpg)\">\r\n\t\t\t\t\t\t\t\t\t\t\t<img decoding=\"async\" src=\"https:\/\/villa-landreau.fr\/wp-content\/uploads\/2022\/11\/bateau-de-peche-avant-campagne-IMG_9631-1.jpg\" alt=\"bateau de p\u00eache\" loading=\"lazy\">\r\n\t\t\t\t\t\t\t\t\t\t<\/a>\r\n\t\t\t\t\t\t\t\t\t<\/div>\r\n\r\n\t\t\t\t\r\n\t\t\t\t\t\t\t\t\t\t\t\r\n\t\t\t\t\r\n\t\t\t\t<div class=\"sev-diaporama-portfolio-item col-12 col-sm \">\r\n\t\t\t\t\t\t\t\t\t\t<a href=\"https:\/\/villa-landreau.fr\/wp-content\/uploads\/2022\/11\/bateaux-de-peche-IMG_9178.jpg\" data-lightbox=\"sevgallery-468893185\" style=\"background-image: url(https:\/\/villa-landreau.fr\/wp-content\/uploads\/2022\/11\/bateaux-de-peche-IMG_9178.jpg)\">\r\n\t\t\t\t\t\t\t\t\t\t\t<img decoding=\"async\" src=\"https:\/\/villa-landreau.fr\/wp-content\/uploads\/2022\/11\/bateaux-de-peche-IMG_9178.jpg\" alt=\"bateau de p\u00eache\" loading=\"lazy\">\r\n\t\t\t\t\t\t\t\t\t\t<\/a>\r\n\t\t\t\t\t\t\t\t\t<\/div>\r\n\r\n\t\t\t\t\r\n\t\t\t\t\t\t\t\t\t\t\t\r\n\t\t\t\t\r\n\t\t\t\t<div class=\"sev-diaporama-portfolio-item col-12 col-sm  col-shrink\">\r\n\t\t\t\t\t\t\t\t\t\t<a href=\"https:\/\/villa-landreau.fr\/wp-content\/uploads\/2022\/11\/LaCrieeLesSablesdOlonne2_792x528.jpg\" data-lightbox=\"sevgallery-468893185\" style=\"background-image: url(https:\/\/villa-landreau.fr\/wp-content\/uploads\/2022\/11\/LaCrieeLesSablesdOlonne2_792x528.jpg)\">\r\n\t\t\t\t\t\t\t\t\t\t\t<img decoding=\"async\" src=\"https:\/\/villa-landreau.fr\/wp-content\/uploads\/2022\/11\/LaCrieeLesSablesdOlonne2_792x528.jpg\" alt=\"port peche en mer \" loading=\"lazy\">\r\n\t\t\t\t\t\t\t\t\t\t<\/a>\r\n\t\t\t\t\t\t\t\t\t<\/div>\r\n\r\n\t\t\t\t\r\n\t\t\t\t\t\t\t\t\t\t\t\r\n\t\t\t\t\r\n\t\t\t\t<div class=\"sev-diaporama-portfolio-item col-12 col-sm  col-grow\">\r\n\t\t\t\t\t\t\t\t\t\t<a href=\"https:\/\/villa-landreau.fr\/wp-content\/uploads\/2022\/11\/LaCrieeLesSablesdOlonne26_504x756.jpg\" data-lightbox=\"sevgallery-468893185\" style=\"background-image: url(https:\/\/villa-landreau.fr\/wp-content\/uploads\/2022\/11\/LaCrieeLesSablesdOlonne26_504x756.jpg)\">\r\n\t\t\t\t\t\t\t\t\t\t\t<img decoding=\"async\" src=\"https:\/\/villa-landreau.fr\/wp-content\/uploads\/2022\/11\/LaCrieeLesSablesdOlonne26_504x756.jpg\" alt=\"port de peche Vend\u00e9e\" loading=\"lazy\">\r\n\t\t\t\t\t\t\t\t\t\t<\/a>\r\n\t\t\t\t\t\t\t\t\t<\/div>\r\n\r\n\t\t\t\t\t\t\t\t\t<div class=\"w-100\"><\/div>\r\n\t\t\t\t\t\t\t\t\t\r\n\t\t\t\t\t\t\t\t\t\t\t\t\t\t<\/div>\r\n\t\t\t<\/div>\r\n\t\t\t<\/div>\n<h2 class=\"wp-block-heading\">Vissen te voet<\/h2>\n\n<p><strong> Vissen te voet<\/strong> is ook een van de belangrijkste activiteiten die door onze bezoekers wordt gewaardeerd, maar ook door de plaatselijke bevolking die de beste visstekken goed kent. Bij hoog water kunt u proberen alikruiken en zeepokken op te sporen, maar ook oesters, pijnboompitten, kokkels, scheermessen, kleine krabben of sint-jakobsschelpen en mosselen. U kunt ook vissen op trossen roze of grijze garnalen.<br\/><\/p>\n<div class=\"wp-block-sev-diaporama alignfull\">\t\t\t<div id=\"sevgallery-1598486215\" class=\"sev-diaporama sev-diaporama-portfolio\">\r\n\t\t\t<div class=\"row\">\r\n\r\n\t\t\t\r\n\t\t\t\t\r\n\t\t\t\t<div class=\"sev-diaporama-portfolio-item col-12 col-sm  col-grow\">\r\n\t\t\t\t\t\t\t\t\t\t<a href=\"https:\/\/villa-landreau.fr\/wp-content\/uploads\/2022\/11\/DSC_7123.jpg\" data-lightbox=\"sevgallery-1598486215\" style=\"background-image: url(https:\/\/villa-landreau.fr\/wp-content\/uploads\/2022\/11\/DSC_7123.jpg)\">\r\n\t\t\t\t\t\t\t\t\t\t\t<img decoding=\"async\" src=\"https:\/\/villa-landreau.fr\/wp-content\/uploads\/2022\/11\/DSC_7123.jpg\" alt=\"p\u00eache \u00e0 pied\" loading=\"lazy\">\r\n\t\t\t\t\t\t\t\t\t\t<\/a>\r\n\t\t\t\t\t\t\t\t\t<\/div>\r\n\r\n\t\t\t\t\r\n\t\t\t\t\t\t\t\t\t\t\t\r\n\t\t\t\t\r\n\t\t\t\t<div class=\"sev-diaporama-portfolio-item col-12 col-sm \">\r\n\t\t\t\t\t\t\t\t\t\t<a href=\"https:\/\/villa-landreau.fr\/wp-content\/uploads\/2022\/11\/peche-a-pied-IMG_5933.jpg\" data-lightbox=\"sevgallery-1598486215\" style=\"background-image: url(https:\/\/villa-landreau.fr\/wp-content\/uploads\/2022\/11\/peche-a-pied-IMG_5933.jpg)\">\r\n\t\t\t\t\t\t\t\t\t\t\t<img decoding=\"async\" src=\"https:\/\/villa-landreau.fr\/wp-content\/uploads\/2022\/11\/peche-a-pied-IMG_5933.jpg\" alt=\"p\u00eache \u00e0 pied proche du camping \" loading=\"lazy\">\r\n\t\t\t\t\t\t\t\t\t\t<\/a>\r\n\t\t\t\t\t\t\t\t\t<\/div>\r\n\r\n\t\t\t\t\r\n\t\t\t\t\t\t\t\t\t\t\t\r\n\t\t\t\t\r\n\t\t\t\t<div class=\"sev-diaporama-portfolio-item col-12 col-sm  col-shrink\">\r\n\t\t\t\t\t\t\t\t\t\t<a href=\"https:\/\/villa-landreau.fr\/wp-content\/uploads\/2022\/11\/pecheapied-IMG_9785.jpg\" data-lightbox=\"sevgallery-1598486215\" style=\"background-image: url(https:\/\/villa-landreau.fr\/wp-content\/uploads\/2022\/11\/pecheapied-IMG_9785.jpg)\">\r\n\t\t\t\t\t\t\t\t\t\t\t<img decoding=\"async\" src=\"https:\/\/villa-landreau.fr\/wp-content\/uploads\/2022\/11\/pecheapied-IMG_9785.jpg\" alt=\"p\u00eache proche camping \" loading=\"lazy\">\r\n\t\t\t\t\t\t\t\t\t\t<\/a>\r\n\t\t\t\t\t\t\t\t\t<\/div>\r\n\r\n\t\t\t\t\t\t\t\t\t<div class=\"w-100\"><\/div>\r\n\t\t\t\t\t\t\t\t\t\r\n\t\t\t\t\t\t\t\t\t\t\t\t\t\t<\/div>\r\n\t\t\t<\/div>\r\n\t\t\t<\/div>\n<p>De traditie van de zeevisserij gaat ver terug, v\u00f3\u00f3r 1630 werd vooral op kabeljauw gevist, daarna kwam de netvisserij, meegebracht door de Moren, waarmee veel sardines in \u00e9\u00e9n keer konden worden gevangen. De 19e eeuw blijkt een grote vernieuwing met de uitvinding door Nicolas Appert van het inblikken met de opening van de eerste conservenfabriek in 1847. Tegen de jaren 1880 waren de meeste zeelieden overgeschakeld op de tonijnvangst, een vis die in de hele wereld zeer gewaardeerd werd, en tegen de jaren 1960 bereikte deze activiteit haar hoogtepunt met 26 tonijnboten.<\/p>\n","protected":false},"excerpt":{"rendered":"<p>Vissen Zeevisserij Verschillende clubs of structuren verspreid langs de kustlijn stellen u in staat om meer te leren of te kwalificeren over zeevissen. Of het nu gaat om de Ami du P\u00eacheur in St Gilles, David Doussot en Vend\u00e9e P\u00eache Passion in Sables d&#8217;Olonne of vele andere, deze professionals helpen u het plezier van deze [&hellip;]<\/p>\n","protected":false},"author":1,"featured_media":0,"parent":0,"menu_order":0,"comment_status":"closed","ping_status":"closed","template":"","meta":{"_seopress_robots_primary_cat":"","_seopress_titles_title":"Zeevissen - Camping Villa Landreau in de Vend\u00e9e","_seopress_titles_desc":"Ontdek tijdens uw verblijf in Domaine Villa Landreau een van de belangrijkste activiteiten van Saint Gilles Croix de Vie; zeevissen.  ","_seopress_robots_index":"","footnotes":""},"class_list":["post-1199","page","type-page","status-publish","hentry"],"_links":{"self":[{"href":"https:\/\/villa-landreau.fr\/nl\/wp-json\/wp\/v2\/pages\/1199","targetHints":{"allow":["GET"]}}],"collection":[{"href":"https:\/\/villa-landreau.fr\/nl\/wp-json\/wp\/v2\/pages"}],"about":[{"href":"https:\/\/villa-landreau.fr\/nl\/wp-json\/wp\/v2\/types\/page"}],"author":[{"embeddable":true,"href":"https:\/\/villa-landreau.fr\/nl\/wp-json\/wp\/v2\/users\/1"}],"replies":[{"embeddable":true,"href":"https:\/\/villa-landreau.fr\/nl\/wp-json\/wp\/v2\/comments?post=1199"}],"version-history":[{"count":1,"href":"https:\/\/villa-landreau.fr\/nl\/wp-json\/wp\/v2\/pages\/1199\/revisions"}],"predecessor-version":[{"id":1200,"href":"https:\/\/villa-landreau.fr\/nl\/wp-json\/wp\/v2\/pages\/1199\/revisions\/1200"}],"wp:attachment":[{"href":"https:\/\/villa-landreau.fr\/nl\/wp-json\/wp\/v2\/media?parent=1199"}],"curies":[{"name":"wp","href":"https:\/\/api.w.org\/{rel}","templated":true}]}}