{"id":1206,"date":"2022-10-25T11:02:04","date_gmt":"2022-10-25T09:02:04","guid":{"rendered":"https:\/\/villa-landreau.fr\/activiteiten-overdag\/"},"modified":"2023-05-13T16:38:56","modified_gmt":"2023-05-13T14:38:56","slug":"activiteiten-overdag","status":"publish","type":"page","link":"https:\/\/villa-landreau.fr\/nl\/activiteiten-overdag\/","title":{"rendered":"Activiteiten overdag"},"content":{"rendered":"\n<h1 class=\"wp-block-heading\">Dagactiviteiten in het dorp in de Vend\u00e9e<\/h1>\n\n<h2 class=\"wp-block-heading\">De activiteiten van de camping<\/h2>\n\n<p><em>In juli en augustus<\/em><\/p>\n\n<p>Elke ochtend verwelkomt de <strong>kinderclub<\/strong> uw kleintjes voor creatieve activiteiten, spelletjes, speurtochten of toneelstukjes die ze vervolgens met trots opvoeren in ons theater.<\/p>\n\n<p>Voor de oudere kinderen bieden onze animatieteams <strong>sporttoernooien<\/strong>, volleybal, tafeltennis, voetbal, aquavolleybal, maar ook initiaties tot dans, fitness, stretching, aquadans of uitstapjes per fiets of te voet in de kustlandschappen.<\/p>\n\n<p>Het gaat om<strong> mensen ontmoeten<\/strong>, lachen, stoom afblazen en ontspannen &#8230;. Dit zal uw verblijf onvergetelijk maken.<\/p>\n<div class=\"wp-block-sev-diaporama alignfull\">\t\t\t<div id=\"sevgallery-1722764341\" class=\"sev-diaporama sev-diaporama-portfolio\">\r\n\t\t\t<div class=\"row\">\r\n\r\n\t\t\t\r\n\t\t\t\t\r\n\t\t\t\t<div class=\"sev-diaporama-portfolio-item col-12 col-sm \">\r\n\t\t\t\t\t\t\t\t\t\t<a href=\"https:\/\/villa-landreau.fr\/wp-content\/uploads\/2022\/10\/image00001-1.jpg\" data-lightbox=\"sevgallery-1722764341\" style=\"background-image: url(https:\/\/villa-landreau.fr\/wp-content\/uploads\/2022\/10\/image00001-1.jpg)\">\r\n\t\t\t\t\t\t\t\t\t\t\t<img decoding=\"async\" src=\"https:\/\/villa-landreau.fr\/wp-content\/uploads\/2022\/10\/image00001-1.jpg\" alt=\"\u00e9quipement du camping\" loading=\"lazy\">\r\n\t\t\t\t\t\t\t\t\t\t<\/a>\r\n\t\t\t\t\t\t\t\t\t<\/div>\r\n\r\n\t\t\t\t\r\n\t\t\t\t\t\t\t\t\t\t\t\r\n\t\t\t\t\r\n\t\t\t\t<div class=\"sev-diaporama-portfolio-item col-12 col-sm  col-shrink\">\r\n\t\t\t\t\t\t\t\t\t\t<a href=\"https:\/\/villa-landreau.fr\/wp-content\/uploads\/2022\/10\/image00004-1.jpg\" data-lightbox=\"sevgallery-1722764341\" style=\"background-image: url(https:\/\/villa-landreau.fr\/wp-content\/uploads\/2022\/10\/image00004-1.jpg)\">\r\n\t\t\t\t\t\t\t\t\t\t\t<img decoding=\"async\" src=\"https:\/\/villa-landreau.fr\/wp-content\/uploads\/2022\/10\/image00004-1.jpg\" alt=\"camping avec piscine \" loading=\"lazy\">\r\n\t\t\t\t\t\t\t\t\t\t<\/a>\r\n\t\t\t\t\t\t\t\t\t<\/div>\r\n\r\n\t\t\t\t\r\n\t\t\t\t\t\t\t\t\t\t\t\r\n\t\t\t\t\r\n\t\t\t\t<div class=\"sev-diaporama-portfolio-item col-12 col-sm  col-shrink\">\r\n\t\t\t\t\t\t\t\t\t\t<a href=\"https:\/\/villa-landreau.fr\/wp-content\/uploads\/2022\/10\/image00006-1.jpg\" data-lightbox=\"sevgallery-1722764341\" style=\"background-image: url(https:\/\/villa-landreau.fr\/wp-content\/uploads\/2022\/10\/image00006-1.jpg)\">\r\n\t\t\t\t\t\t\t\t\t\t\t<img decoding=\"async\" src=\"https:\/\/villa-landreau.fr\/wp-content\/uploads\/2022\/10\/image00006-1.jpg\" alt=\"piscine du camping ouvert toute l&#039;ann\u00e9e\" loading=\"lazy\">\r\n\t\t\t\t\t\t\t\t\t\t<\/a>\r\n\t\t\t\t\t\t\t\t\t<\/div>\r\n\r\n\t\t\t\t\t\t\t\t\t<div class=\"w-100\"><\/div>\r\n\t\t\t\t\t\t\t\t\t\r\n\t\t\t\t\t\t\t\t\t\t\t\r\n\t\t\t\t\r\n\t\t\t\t<div class=\"sev-diaporama-portfolio-item col-12 col-sm  col-shrink\">\r\n\t\t\t\t\t\t\t\t\t\t<a href=\"https:\/\/villa-landreau.fr\/wp-content\/uploads\/2022\/10\/image00043-2.jpg\" data-lightbox=\"sevgallery-1722764341\" style=\"background-image: url(https:\/\/villa-landreau.fr\/wp-content\/uploads\/2022\/10\/image00043-2.jpg)\">\r\n\t\t\t\t\t\t\t\t\t\t\t<img decoding=\"async\" src=\"https:\/\/villa-landreau.fr\/wp-content\/uploads\/2022\/10\/image00043-2.jpg\" alt=\"piscine du camping en Vend\u00e9e\" loading=\"lazy\">\r\n\t\t\t\t\t\t\t\t\t\t<\/a>\r\n\t\t\t\t\t\t\t\t\t<\/div>\r\n\r\n\t\t\t\t\r\n\t\t\t\t\t\t\t\t\t\t\t\r\n\t\t\t\t\r\n\t\t\t\t<div class=\"sev-diaporama-portfolio-item col-12 col-sm  col-grow\">\r\n\t\t\t\t\t\t\t\t\t\t<a href=\"https:\/\/villa-landreau.fr\/wp-content\/uploads\/2022\/10\/image00045-1.jpg\" data-lightbox=\"sevgallery-1722764341\" style=\"background-image: url(https:\/\/villa-landreau.fr\/wp-content\/uploads\/2022\/10\/image00045-1.jpg)\">\r\n\t\t\t\t\t\t\t\t\t\t\t<img decoding=\"async\" src=\"https:\/\/villa-landreau.fr\/wp-content\/uploads\/2022\/10\/image00045-1.jpg\" alt=\"animation du camping en Vend\u00e9e\" loading=\"lazy\">\r\n\t\t\t\t\t\t\t\t\t\t<\/a>\r\n\t\t\t\t\t\t\t\t\t<\/div>\r\n\r\n\t\t\t\t\r\n\t\t\t\t\t\t\t\t\t\t\t\r\n\t\t\t\t\r\n\t\t\t\t<div class=\"sev-diaporama-portfolio-item col-12 col-sm  col-grow\">\r\n\t\t\t\t\t\t\t\t\t\t<a href=\"https:\/\/villa-landreau.fr\/wp-content\/uploads\/2022\/10\/image00046.jpg\" data-lightbox=\"sevgallery-1722764341\" style=\"background-image: url(https:\/\/villa-landreau.fr\/wp-content\/uploads\/2022\/10\/image00046.jpg)\">\r\n\t\t\t\t\t\t\t\t\t\t\t<img decoding=\"async\" src=\"https:\/\/villa-landreau.fr\/wp-content\/uploads\/2022\/10\/image00046.jpg\" alt=\"camping avec animations pour les enfants\" loading=\"lazy\">\r\n\t\t\t\t\t\t\t\t\t\t<\/a>\r\n\t\t\t\t\t\t\t\t\t<\/div>\r\n\r\n\t\t\t\t\t\t\t\t\t<div class=\"w-100\"><\/div>\r\n\t\t\t\t\t\t\t\t\t\r\n\t\t\t\t\t\t\t\t\t\t\t\t\t\t<\/div>\r\n\t\t\t<\/div>\r\n\t\t\t<\/div>\n<figure class=\"wp-block-image size-full\"><img loading=\"lazy\" decoding=\"async\" width=\"640\" height=\"480\" src=\"https:\/\/villa-landreau.fr\/wp-content\/uploads\/2023\/05\/IMG_1960.jpg\" alt=\"\" class=\"wp-image-1928\" srcset=\"https:\/\/villa-landreau.fr\/wp-content\/uploads\/2023\/05\/IMG_1960.jpg 640w, https:\/\/villa-landreau.fr\/wp-content\/uploads\/2023\/05\/IMG_1960-300x225.jpg 300w\" sizes=\"auto, (max-width: 640px) 100vw, 640px\" \/><\/figure>","protected":false},"excerpt":{"rendered":"<p>Dagactiviteiten in het dorp in de Vend\u00e9e De activiteiten van de camping In juli en augustus Elke ochtend verwelkomt de kinderclub uw kleintjes voor creatieve activiteiten, spelletjes, speurtochten of toneelstukjes die ze vervolgens met trots opvoeren in ons theater. Voor de oudere kinderen bieden onze animatieteams sporttoernooien, volleybal, tafeltennis, voetbal, aquavolleybal, maar ook initiaties tot [&hellip;]<\/p>\n","protected":false},"author":1,"featured_media":0,"parent":0,"menu_order":0,"comment_status":"closed","ping_status":"closed","template":"","meta":{"_seopress_robots_primary_cat":"","_seopress_titles_title":"Activit\u00e9s et \u00e9quipements du camping 3 \u00e9toiles en Vend\u00e9e","_seopress_titles_desc":"Le camping 3 \u00e9toiles Villa Landreau situ\u00e9 pr\u00e8s de Saint Gilles Croix de Vie, vous propose de nombreuses activit\u00e9s et \u00e9quipements. ","_seopress_robots_index":"","footnotes":""},"class_list":["post-1206","page","type-page","status-publish","hentry"],"_links":{"self":[{"href":"https:\/\/villa-landreau.fr\/nl\/wp-json\/wp\/v2\/pages\/1206","targetHints":{"allow":["GET"]}}],"collection":[{"href":"https:\/\/villa-landreau.fr\/nl\/wp-json\/wp\/v2\/pages"}],"about":[{"href":"https:\/\/villa-landreau.fr\/nl\/wp-json\/wp\/v2\/types\/page"}],"author":[{"embeddable":true,"href":"https:\/\/villa-landreau.fr\/nl\/wp-json\/wp\/v2\/users\/1"}],"replies":[{"embeddable":true,"href":"https:\/\/villa-landreau.fr\/nl\/wp-json\/wp\/v2\/comments?post=1206"}],"version-history":[{"count":3,"href":"https:\/\/villa-landreau.fr\/nl\/wp-json\/wp\/v2\/pages\/1206\/revisions"}],"predecessor-version":[{"id":1950,"href":"https:\/\/villa-landreau.fr\/nl\/wp-json\/wp\/v2\/pages\/1206\/revisions\/1950"}],"wp:attachment":[{"href":"https:\/\/villa-landreau.fr\/nl\/wp-json\/wp\/v2\/media?parent=1206"}],"curies":[{"name":"wp","href":"https:\/\/api.w.org\/{rel}","templated":true}]}}