{"id":1219,"date":"2022-11-04T10:04:10","date_gmt":"2022-11-04T09:04:10","guid":{"rendered":"https:\/\/villa-landreau.fr\/fiets-en-wandelroutes\/"},"modified":"2022-12-22T15:42:06","modified_gmt":"2022-12-22T14:42:06","slug":"fiets-en-wandelroutes","status":"publish","type":"page","link":"https:\/\/villa-landreau.fr\/nl\/fiets-en-wandelroutes\/","title":{"rendered":"FIETS- EN WANDELROUTES"},"content":{"rendered":"\n<h1 class=\"wp-block-heading\">FIETS- EN WANDELROUTES<\/h1>\n\n<div class=\"wp-block-columns is-layout-flex wp-container-core-columns-is-layout-28f84493 wp-block-columns-is-layout-flex\">\n<div class=\"wp-block-column is-layout-flow wp-block-column-is-layout-flow\">\n<p>De honderden kilometers<strong> fietspaden in de Vend\u00e9e<\/strong> nodigen uit tot reizen. U moet weten dat de Vend\u00e9e sinds haar oprichting 6 grote vertrekken van de Tour de France heeft herbergt, wat aangeeft hoeveel mogelijkheden er op 2 wielen zijn.<br\/>Allereerst de kustroute die de voorkeur geeft aan gezinsuitstapjes met <strong>vlakkere<\/strong> en altijd veilige <strong>paden<\/strong> die u door een grote verscheidenheid aan landschappen voeren waar een ongerepte fauna en flora gedijen en waar picknickplaatsen zijn ingericht voor uw gastronomische of meditatieve stops.<\/p>\n\n\n\n<p>Vervolgens verwelkomt het Marais Poitevin u van l&#8217;Aiguillon sur Mer tot Maillezais, op bijna 90 kilometer betoverende paden door wadden, polders, velden en kanalen. Van Aiguillon sur Mer tot Chaill\u00e9 les Marais ontdekt u deze landschappen die eeuwen geleden door de monniken zijn gevormd.<\/p>\n<\/div>\n\n\n\n<div class=\"wp-block-column is-layout-flow wp-block-column-is-layout-flow\">\n<p>In het circuit van de bocage naar de kust ontdekt u de band tussen natuur en cultuur op golvende paden bezaaid met kastelen, kerken en woningen. U passeert het Historial en het Memorial de la Vend\u00e9e, maar ook enkele overblijfselen zoals die van het kasteel van Palluau of het bijzondere stadje Appremont.<\/p>\n\n\n\n<p>Tot slot zullen de hoge en lage bocage van de Vend\u00e9e u verbazen met hun landschappen vol geschiedenis, zoals het Logis de la Chabotterie, het Manoir des Sciences de R\u00e9aumur, het Ch\u00e2teau de Tiffauges of de Refuge de Grasla, evenals de schilderachtige rivieren de Lay en de Yon met hun wasplaatsen en fonteinen, en alle landhuizen, molens en kerken.  <\/p>\n\n\n\n<p><strong>Fietsen in de Vend\u00e9e<\/strong> staat<strong>garant voor even sublieme als gevarieerde landschappen <\/strong>en een duik in de geschiedenis die u niet snel zult vergeten.<\/p>\n<\/div>\n<\/div>\n<div class=\"wp-block-sev-diaporama alignfull\">\t\t\t<div id=\"sevgallery-1860808706\" class=\"sev-diaporama sev-diaporama-portfolio\">\r\n\t\t\t<div class=\"row\">\r\n\r\n\t\t\t\r\n\t\t\t\t\r\n\t\t\t\t<div class=\"sev-diaporama-portfolio-item col-12 col-sm  col-shrink\">\r\n\t\t\t\t\t\t\t\t\t\t<a href=\"https:\/\/villa-landreau.fr\/wp-content\/uploads\/2022\/11\/Saint-Jean-de-Monts-8967_792x528.jpg\" data-lightbox=\"sevgallery-1860808706\" style=\"background-image: url(https:\/\/villa-landreau.fr\/wp-content\/uploads\/2022\/11\/Saint-Jean-de-Monts-8967_792x528.jpg)\">\r\n\t\t\t\t\t\t\t\t\t\t\t<img decoding=\"async\" src=\"https:\/\/villa-landreau.fr\/wp-content\/uploads\/2022\/11\/Saint-Jean-de-Monts-8967_792x528.jpg\" alt=\"balade sur la plage de saint jean de monts\" loading=\"lazy\">\r\n\t\t\t\t\t\t\t\t\t\t<\/a>\r\n\t\t\t\t\t\t\t\t\t<\/div>\r\n\r\n\t\t\t\t\r\n\t\t\t\t\t\t\t\t\t\t\t\r\n\t\t\t\t\r\n\t\t\t\t<div class=\"sev-diaporama-portfolio-item col-12 col-sm \">\r\n\t\t\t\t\t\t\t\t\t\t<a href=\"https:\/\/villa-landreau.fr\/wp-content\/uploads\/2022\/11\/La_Faute_sur_Mer_velo5_576x384.jpg\" data-lightbox=\"sevgallery-1860808706\" style=\"background-image: url(https:\/\/villa-landreau.fr\/wp-content\/uploads\/2022\/11\/La_Faute_sur_Mer_velo5_576x384.jpg)\">\r\n\t\t\t\t\t\t\t\t\t\t\t<img decoding=\"async\" src=\"https:\/\/villa-landreau.fr\/wp-content\/uploads\/2022\/11\/La_Faute_sur_Mer_velo5_576x384.jpg\" alt=\"balade \u00e0 v\u00e9lo en Vend\u00e9e\" loading=\"lazy\">\r\n\t\t\t\t\t\t\t\t\t\t<\/a>\r\n\t\t\t\t\t\t\t\t\t<\/div>\r\n\r\n\t\t\t\t\r\n\t\t\t\t\t\t\t\t\t\t\t\r\n\t\t\t\t\r\n\t\t\t\t<div class=\"sev-diaporama-portfolio-item col-12 col-sm  col-grow\">\r\n\t\t\t\t\t\t\t\t\t\t<a href=\"https:\/\/villa-landreau.fr\/wp-content\/uploads\/2022\/11\/La_Faute_sur_Mer_velo20_576x384.jpg\" data-lightbox=\"sevgallery-1860808706\" style=\"background-image: url(https:\/\/villa-landreau.fr\/wp-content\/uploads\/2022\/11\/La_Faute_sur_Mer_velo20_576x384.jpg)\">\r\n\t\t\t\t\t\t\t\t\t\t\t<img decoding=\"async\" src=\"https:\/\/villa-landreau.fr\/wp-content\/uploads\/2022\/11\/La_Faute_sur_Mer_velo20_576x384.jpg\" alt=\"balade a v\u00e9lo en vend\u00e9e\" loading=\"lazy\">\r\n\t\t\t\t\t\t\t\t\t\t<\/a>\r\n\t\t\t\t\t\t\t\t\t<\/div>\r\n\r\n\t\t\t\t\t\t\t\t\t<div class=\"w-100\"><\/div>\r\n\t\t\t\t\t\t\t\t\t\r\n\t\t\t\t\t\t\t\t\t\t\t\r\n\t\t\t\t\r\n\t\t\t\t<div class=\"sev-diaporama-portfolio-item col-12 col-sm  col-grow\">\r\n\t\t\t\t\t\t\t\t\t\t<a href=\"https:\/\/villa-landreau.fr\/wp-content\/uploads\/2022\/11\/La_Faute_sur_Mer_velo66_792x528.jpg\" data-lightbox=\"sevgallery-1860808706\" style=\"background-image: url(https:\/\/villa-landreau.fr\/wp-content\/uploads\/2022\/11\/La_Faute_sur_Mer_velo66_792x528.jpg)\">\r\n\t\t\t\t\t\t\t\t\t\t\t<img decoding=\"async\" src=\"https:\/\/villa-landreau.fr\/wp-content\/uploads\/2022\/11\/La_Faute_sur_Mer_velo66_792x528.jpg\" alt=\"balade sur les pistes cyclables de Vend\u00e9e\" loading=\"lazy\">\r\n\t\t\t\t\t\t\t\t\t\t<\/a>\r\n\t\t\t\t\t\t\t\t\t<\/div>\r\n\r\n\t\t\t\t\r\n\t\t\t\t\t\t\t\t\t\t\t\r\n\t\t\t\t\r\n\t\t\t\t<div class=\"sev-diaporama-portfolio-item col-12 col-sm \">\r\n\t\t\t\t\t\t\t\t\t\t<a href=\"https:\/\/villa-landreau.fr\/wp-content\/uploads\/2022\/11\/randonneemaraisIledOlonne3_792x528.jpg\" data-lightbox=\"sevgallery-1860808706\" style=\"background-image: url(https:\/\/villa-landreau.fr\/wp-content\/uploads\/2022\/11\/randonneemaraisIledOlonne3_792x528.jpg)\">\r\n\t\t\t\t\t\t\t\t\t\t\t<img decoding=\"async\" src=\"https:\/\/villa-landreau.fr\/wp-content\/uploads\/2022\/11\/randonneemaraisIledOlonne3_792x528.jpg\" alt=\"randonn\u00e9e au bord de l&#039;oc\u00e9an\" loading=\"lazy\">\r\n\t\t\t\t\t\t\t\t\t\t<\/a>\r\n\t\t\t\t\t\t\t\t\t<\/div>\r\n\r\n\t\t\t\t\r\n\t\t\t\t\t\t\t\t\t\t\t\r\n\t\t\t\t\r\n\t\t\t\t<div class=\"sev-diaporama-portfolio-item col-12 col-sm \">\r\n\t\t\t\t\t\t\t\t\t\t<a href=\"https:\/\/villa-landreau.fr\/wp-content\/uploads\/2022\/11\/la_faute_sur_mer_promenade-2_792x528.jpg\" data-lightbox=\"sevgallery-1860808706\" style=\"background-image: url(https:\/\/villa-landreau.fr\/wp-content\/uploads\/2022\/11\/la_faute_sur_mer_promenade-2_792x528.jpg)\">\r\n\t\t\t\t\t\t\t\t\t\t\t<img decoding=\"async\" src=\"https:\/\/villa-landreau.fr\/wp-content\/uploads\/2022\/11\/la_faute_sur_mer_promenade-2_792x528.jpg\" alt=\"randonn\u00e9e au bord de l&#039;oc\u00e9an pr\u00e8s du camping\" loading=\"lazy\">\r\n\t\t\t\t\t\t\t\t\t\t<\/a>\r\n\t\t\t\t\t\t\t\t\t<\/div>\r\n\r\n\t\t\t\t\t\t\t\t\t<div class=\"w-100\"><\/div>\r\n\t\t\t\t\t\t\t\t\t\r\n\t\t\t\t\t\t\t\t\t\t\t\t\t\t<\/div>\r\n\t\t\t<\/div>\r\n\t\t\t<\/div>","protected":false},"excerpt":{"rendered":"<p>FIETS- EN WANDELROUTES De honderden kilometers fietspaden in de Vend\u00e9e nodigen uit tot reizen. U moet weten dat de Vend\u00e9e sinds haar oprichting 6 grote vertrekken van de Tour de France heeft herbergt, wat aangeeft hoeveel mogelijkheden er op 2 wielen zijn.Allereerst de kustroute die de voorkeur geeft aan gezinsuitstapjes met vlakkere en altijd veilige [&hellip;]<\/p>\n","protected":false},"author":1,"featured_media":0,"parent":0,"menu_order":0,"comment_status":"closed","ping_status":"closed","template":"","meta":{"_seopress_robots_primary_cat":"","_seopress_titles_title":"Fiets- en wandelroutes in de buurt van de camping in de Vend\u00e9e","_seopress_titles_desc":"de 3-sterren camping Villa Landreau ligt dicht bij de fiets- en wandelpaden van het departement","_seopress_robots_index":"","footnotes":""},"class_list":["post-1219","page","type-page","status-publish","hentry"],"_links":{"self":[{"href":"https:\/\/villa-landreau.fr\/nl\/wp-json\/wp\/v2\/pages\/1219","targetHints":{"allow":["GET"]}}],"collection":[{"href":"https:\/\/villa-landreau.fr\/nl\/wp-json\/wp\/v2\/pages"}],"about":[{"href":"https:\/\/villa-landreau.fr\/nl\/wp-json\/wp\/v2\/types\/page"}],"author":[{"embeddable":true,"href":"https:\/\/villa-landreau.fr\/nl\/wp-json\/wp\/v2\/users\/1"}],"replies":[{"embeddable":true,"href":"https:\/\/villa-landreau.fr\/nl\/wp-json\/wp\/v2\/comments?post=1219"}],"version-history":[{"count":1,"href":"https:\/\/villa-landreau.fr\/nl\/wp-json\/wp\/v2\/pages\/1219\/revisions"}],"predecessor-version":[{"id":1224,"href":"https:\/\/villa-landreau.fr\/nl\/wp-json\/wp\/v2\/pages\/1219\/revisions\/1224"}],"wp:attachment":[{"href":"https:\/\/villa-landreau.fr\/nl\/wp-json\/wp\/v2\/media?parent=1219"}],"curies":[{"name":"wp","href":"https:\/\/api.w.org\/{rel}","templated":true}]}}