{"id":1226,"date":"2022-10-25T10:56:26","date_gmt":"2022-10-25T08:56:26","guid":{"rendered":"https:\/\/villa-landreau.fr\/diensten\/"},"modified":"2022-12-22T15:42:07","modified_gmt":"2022-12-22T14:42:07","slug":"diensten","status":"publish","type":"page","link":"https:\/\/villa-landreau.fr\/nl\/diensten\/","title":{"rendered":"Diensten"},"content":{"rendered":"\n<h1 class=\"wp-block-heading\">De diensten van het landgoed Villa Landreau<\/h1>\n\n<div class=\"wp-block-columns is-layout-flex wp-container-core-columns-is-layout-28f84493 wp-block-columns-is-layout-flex\">\n<div class=\"wp-block-column is-layout-flow wp-block-column-is-layout-flow\">\n<p><strong>In juli en augustus:<\/strong><\/p>\n\n\n\n<ul class=\"wp-block-list\"><li>Bar met terras met uitzicht op het zwembad<\/li><li>Animatie voor alle leeftijden<\/li><li>Kinderclub met creatieve activiteiten<\/li><li>Fietsverhuur via onze partner die ze rechtstreeks op de camping aflevert<\/li><li>Dansen, maaltijden, concerten, shows&#8230;<\/li><li>Wasmachine en droger (munten en waspoeder bij de receptie)<\/li><li>Snackbar, rotisserie en afhaalpizza&#8217;s<\/li><\/ul><\/div>\n\n\n\n<div class=\"wp-block-column is-layout-flow wp-block-column-is-layout-flow\">\n<p><strong>Het hele jaar door:<\/strong><\/p>\n\n\n\n<ul class=\"wp-block-list\"><li>Wifi op alle plaatsen (tegen betaling)<\/li><li>Petanque veld<\/li><li>Speelplaats voor kinderen<\/li><\/ul><\/div>\n<\/div>\n<div class=\"wp-block-sev-diaporama alignfull\">\t\t\t<div id=\"sevgallery-1901749328\" class=\"sev-diaporama sev-diaporama-portfolio\">\r\n\t\t\t<div class=\"row\">\r\n\r\n\t\t\t\r\n\t\t\t\t\r\n\t\t\t\t<div class=\"sev-diaporama-portfolio-item col-12 col-sm \">\r\n\t\t\t\t\t\t\t\t\t\t<a href=\"https:\/\/villa-landreau.fr\/wp-content\/uploads\/2022\/10\/image00043-1.jpg\" data-lightbox=\"sevgallery-1901749328\" style=\"background-image: url(https:\/\/villa-landreau.fr\/wp-content\/uploads\/2022\/10\/image00043-1.jpg)\">\r\n\t\t\t\t\t\t\t\t\t\t\t<img decoding=\"async\" src=\"https:\/\/villa-landreau.fr\/wp-content\/uploads\/2022\/10\/image00043-1.jpg\" alt=\"services du camping en Vend\u00e9e\" loading=\"lazy\">\r\n\t\t\t\t\t\t\t\t\t\t<\/a>\r\n\t\t\t\t\t\t\t\t\t<\/div>\r\n\r\n\t\t\t\t\r\n\t\t\t\t\t\t\t\t\t\t\t\r\n\t\t\t\t\r\n\t\t\t\t<div class=\"sev-diaporama-portfolio-item col-12 col-sm \">\r\n\t\t\t\t\t\t\t\t\t\t<a href=\"https:\/\/villa-landreau.fr\/wp-content\/uploads\/2022\/10\/image00045.jpg\" data-lightbox=\"sevgallery-1901749328\" style=\"background-image: url(https:\/\/villa-landreau.fr\/wp-content\/uploads\/2022\/10\/image00045.jpg)\">\r\n\t\t\t\t\t\t\t\t\t\t\t<img decoding=\"async\" src=\"https:\/\/villa-landreau.fr\/wp-content\/uploads\/2022\/10\/image00045.jpg\" alt=\"service camping ouvert \u00e0 l&#039;ann\u00e9e\" loading=\"lazy\">\r\n\t\t\t\t\t\t\t\t\t\t<\/a>\r\n\t\t\t\t\t\t\t\t\t<\/div>\r\n\r\n\t\t\t\t\r\n\t\t\t\t\t\t\t\t\t\t\t\r\n\t\t\t\t\r\n\t\t\t\t<div class=\"sev-diaporama-portfolio-item col-12 col-sm \">\r\n\t\t\t\t\t\t\t\t\t\t<a href=\"https:\/\/villa-landreau.fr\/wp-content\/uploads\/2022\/10\/image00047-1.jpg\" data-lightbox=\"sevgallery-1901749328\" style=\"background-image: url(https:\/\/villa-landreau.fr\/wp-content\/uploads\/2022\/10\/image00047-1.jpg)\">\r\n\t\t\t\t\t\t\t\t\t\t\t<img decoding=\"async\" src=\"https:\/\/villa-landreau.fr\/wp-content\/uploads\/2022\/10\/image00047-1.jpg\" alt=\"camping ouvert \u00e0 l&#039;ann\u00e9e\" loading=\"lazy\">\r\n\t\t\t\t\t\t\t\t\t\t<\/a>\r\n\t\t\t\t\t\t\t\t\t<\/div>\r\n\r\n\t\t\t\t\t\t\t\t\t<div class=\"w-100\"><\/div>\r\n\t\t\t\t\t\t\t\t\t\r\n\t\t\t\t\t\t\t\t\t\t\t\r\n\t\t\t\t\r\n\t\t\t\t<div class=\"sev-diaporama-portfolio-item col-12 col-sm  col-shrink\">\r\n\t\t\t\t\t\t\t\t\t\t<a href=\"https:\/\/villa-landreau.fr\/wp-content\/uploads\/2022\/10\/image00057-1.jpg\" data-lightbox=\"sevgallery-1901749328\" style=\"background-image: url(https:\/\/villa-landreau.fr\/wp-content\/uploads\/2022\/10\/image00057-1.jpg)\">\r\n\t\t\t\t\t\t\t\t\t\t\t<img decoding=\"async\" src=\"https:\/\/villa-landreau.fr\/wp-content\/uploads\/2022\/10\/image00057-1.jpg\" alt=\"camping ouvert toute l&#039;ann\u00e9e\" loading=\"lazy\">\r\n\t\t\t\t\t\t\t\t\t\t<\/a>\r\n\t\t\t\t\t\t\t\t\t<\/div>\r\n\r\n\t\t\t\t\r\n\t\t\t\t\t\t\t\t\t\t\t\r\n\t\t\t\t\r\n\t\t\t\t<div class=\"sev-diaporama-portfolio-item col-12 col-sm  col-grow\">\r\n\t\t\t\t\t\t\t\t\t\t<a href=\"https:\/\/villa-landreau.fr\/wp-content\/uploads\/2022\/10\/IMG_5884-1.jpg\" data-lightbox=\"sevgallery-1901749328\" style=\"background-image: url(https:\/\/villa-landreau.fr\/wp-content\/uploads\/2022\/10\/IMG_5884-1.jpg)\">\r\n\t\t\t\t\t\t\t\t\t\t\t<img decoding=\"async\" src=\"https:\/\/villa-landreau.fr\/wp-content\/uploads\/2022\/10\/IMG_5884-1.jpg\" alt=\"Camping ouvert \u00e0 l&#039;ann\u00e9e en Vend\u00e9e\" loading=\"lazy\">\r\n\t\t\t\t\t\t\t\t\t\t<\/a>\r\n\t\t\t\t\t\t\t\t\t<\/div>\r\n\r\n\t\t\t\t\r\n\t\t\t\t\t\t\t\t\t\t\t\t\t\t<\/div>\r\n\t\t\t<\/div>\r\n\t\t\t<\/div>","protected":false},"excerpt":{"rendered":"<p>De diensten van het landgoed Villa Landreau In juli en augustus: Bar met terras met uitzicht op het zwembad Animatie voor alle leeftijden Kinderclub met creatieve activiteiten Fietsverhuur via onze partner die ze rechtstreeks op de camping aflevert Dansen, maaltijden, concerten, shows&#8230; Wasmachine en droger (munten en waspoeder bij de receptie) Snackbar, rotisserie en afhaalpizza&#8217;s [&hellip;]<\/p>\n","protected":false},"author":1,"featured_media":0,"parent":0,"menu_order":0,"comment_status":"closed","ping_status":"closed","template":"","meta":{"_seopress_robots_primary_cat":"","_seopress_titles_title":"De diensten van het landgoed Villa Landreau in de Vend\u00e9e","_seopress_titles_desc":"Profiteer tijdens uw verblijf in de Vend\u00e9e op camping Villa Landreau van de vele diensten die tot uw beschikking staan: snackbar, avondactiviteiten, kinderclub...","_seopress_robots_index":"","footnotes":""},"class_list":["post-1226","page","type-page","status-publish","hentry"],"_links":{"self":[{"href":"https:\/\/villa-landreau.fr\/nl\/wp-json\/wp\/v2\/pages\/1226","targetHints":{"allow":["GET"]}}],"collection":[{"href":"https:\/\/villa-landreau.fr\/nl\/wp-json\/wp\/v2\/pages"}],"about":[{"href":"https:\/\/villa-landreau.fr\/nl\/wp-json\/wp\/v2\/types\/page"}],"author":[{"embeddable":true,"href":"https:\/\/villa-landreau.fr\/nl\/wp-json\/wp\/v2\/users\/1"}],"replies":[{"embeddable":true,"href":"https:\/\/villa-landreau.fr\/nl\/wp-json\/wp\/v2\/comments?post=1226"}],"version-history":[{"count":1,"href":"https:\/\/villa-landreau.fr\/nl\/wp-json\/wp\/v2\/pages\/1226\/revisions"}],"predecessor-version":[{"id":1231,"href":"https:\/\/villa-landreau.fr\/nl\/wp-json\/wp\/v2\/pages\/1226\/revisions\/1231"}],"wp:attachment":[{"href":"https:\/\/villa-landreau.fr\/nl\/wp-json\/wp\/v2\/media?parent=1226"}],"curies":[{"name":"wp","href":"https:\/\/api.w.org\/{rel}","templated":true}]}}