{"id":1227,"date":"2022-11-04T09:55:01","date_gmt":"2022-11-04T08:55:01","guid":{"rendered":"https:\/\/villa-landreau.fr\/saint-gilles-croix-de-vie\/"},"modified":"2022-12-22T15:42:09","modified_gmt":"2022-12-22T14:42:09","slug":"saint-gilles-croix-de-vie","status":"publish","type":"page","link":"https:\/\/villa-landreau.fr\/nl\/saint-gilles-croix-de-vie\/","title":{"rendered":"Saint Gilles Croix de Vie"},"content":{"rendered":"\n<h1 class=\"wp-block-heading\">Saint Gilles Croix de Vie<\/h1>\n\n<h2 class=\"wp-block-heading\">De badplaats St Gilles Croix de Vie<\/h2>\n\n<div class=\"wp-block-columns is-layout-flex wp-container-core-columns-is-layout-28f84493 wp-block-columns-is-layout-flex\">\n<div class=\"wp-block-column is-layout-flow wp-block-column-is-layout-flow\">\n<p>Camping VILLA LANDREAU ligt op 1,2 km van ST GILLES CROIX DE VIE.<\/p>\n\n\n\n<p>Deze badplaats biedt u zowel de zee, de <strong>stranden<\/strong> als de voetgangersstraten, de vissers- en zeilhaven, de winkels, de supermarkten, het casino&#8230;<\/p>\n\n\n\n<p>Kom en ontdek onze vele regionale producten op de <strong>markten<\/strong>:<\/p>\n\n\n\n<ul class=\"wp-block-list\">\n<li>Woensdag- en zaterdagochtend: Croix de Vie &#8211; Place Guy Kergoustin  <\/li>\n\n\n\n<li>Dinsdag-, donderdag- en zondagochtend: St Gilles &#8211; Place du March\u00e9 aux Herbes<\/li>\n<\/ul>\n\n\n\n<p><strong>St Gilles heeft :<\/strong><\/p>\n\n\n\n<ul class=\"wp-block-list\">\n<li>Fiets- en wandelroutes  <\/li>\n\n\n\n<li>stranden en bossen  <\/li>\n\n\n\n<li>Visserij- en jachthaven in het hart van de stad  <\/li>\n\n\n\n<li>Vissen buiten de camping op de rivier &#8220;la Vie&#8221; begrensd door moerassen (500 m)  <\/li>\n\n\n\n<li>Minigolf, bowlingbaan, tennis, karting  <\/li>\n\n\n\n<li>Kano\u00ebn, paardrijden  <\/li>\n\n\n\n<li>Casino, discotheken, bioscoopcomplex  <\/li>\n\n\n\n<li>Zomeractiviteiten, culturele bezienswaardigheden van het land<\/li>\n\n\n\n<li>Supermarkten en lokale markten, gastronomie<\/li>\n\n\n\n<li>Spoorwegstation, fietsverhuur<\/li>\n<\/ul>\n\n\n\n<p><br\/><\/p>\n<\/div>\n\n\n\n<div class=\"wp-block-column is-layout-flow wp-block-column-is-layout-flow\">\n<p>Er is een grote vissersvloot en iconische <strong>sardineconservenfabrieken<\/strong>. Vereeuwigd in verschillende films, biedt de stad u leerzame en aangename wandelingen in haar jachthaven maar ook in haar vissershaven, de  <strong>eerste sardinehaven aan de Atlantische kust  <\/strong>en de vismarkt, op het strand van Boisvinet en het grote strand van St Gilles maar ook in de wijk Marokko en zijn typische huizen zoals het vissershuis uit 1920 dat nog in originele staat verkeert.<\/p>\n\n\n\n<p>Op de <strong>lokale markten<\/strong> kunt u uzelf verwennen met versgevangen zeevruchten, maar ook met onze beroemde Vend\u00e9e-ham, Pr\u00e9fou, Noirmoutier-zout, Vend\u00e9e-brioche, Vend\u00e9e-fion, troussepinette en de wijnen van de Vend\u00e9e-landschappen.<\/p>\n<\/div>\n<\/div>\n<div class=\"wp-block-sev-diaporama alignfull\">\t\t\t<div id=\"sevgallery-2120597940\" class=\"sev-diaporama sev-diaporama-portfolio\">\r\n\t\t\t<div class=\"row\">\r\n\r\n\t\t\t\r\n\t\t\t\t\r\n\t\t\t\t<div class=\"sev-diaporama-portfolio-item col-12 col-sm \">\r\n\t\t\t\t\t\t\t\t\t\t<a href=\"https:\/\/villa-landreau.fr\/wp-content\/uploads\/2022\/11\/Saint-Gilles-Croix-de-Vie-DSC_1696.jpg\" data-lightbox=\"sevgallery-2120597940\" style=\"background-image: url(https:\/\/villa-landreau.fr\/wp-content\/uploads\/2022\/11\/Saint-Gilles-Croix-de-Vie-DSC_1696.jpg)\">\r\n\t\t\t\t\t\t\t\t\t\t\t<img decoding=\"async\" src=\"https:\/\/villa-landreau.fr\/wp-content\/uploads\/2022\/11\/Saint-Gilles-Croix-de-Vie-DSC_1696.jpg\" alt=\"visite de la ville de saint gilles croix de vie\" loading=\"lazy\">\r\n\t\t\t\t\t\t\t\t\t\t<\/a>\r\n\t\t\t\t\t\t\t\t\t<\/div>\r\n\r\n\t\t\t\t\r\n\t\t\t\t\t\t\t\t\t\t\t\r\n\t\t\t\t\r\n\t\t\t\t<div class=\"sev-diaporama-portfolio-item col-12 col-sm \">\r\n\t\t\t\t\t\t\t\t\t\t<a href=\"https:\/\/villa-landreau.fr\/wp-content\/uploads\/2022\/11\/Saint-Gilles-Croix-de-Vie-DSC_2555-1.jpg\" data-lightbox=\"sevgallery-2120597940\" style=\"background-image: url(https:\/\/villa-landreau.fr\/wp-content\/uploads\/2022\/11\/Saint-Gilles-Croix-de-Vie-DSC_2555-1.jpg)\">\r\n\t\t\t\t\t\t\t\t\t\t\t<img decoding=\"async\" src=\"https:\/\/villa-landreau.fr\/wp-content\/uploads\/2022\/11\/Saint-Gilles-Croix-de-Vie-DSC_2555-1.jpg\" alt=\"cabine de plage de saint gilles croix de vie\" loading=\"lazy\">\r\n\t\t\t\t\t\t\t\t\t\t<\/a>\r\n\t\t\t\t\t\t\t\t\t<\/div>\r\n\r\n\t\t\t\t\r\n\t\t\t\t\t\t\t\t\t\t\t\r\n\t\t\t\t\r\n\t\t\t\t<div class=\"sev-diaporama-portfolio-item col-12 col-sm  col-grow\">\r\n\t\t\t\t\t\t\t\t\t\t<a href=\"https:\/\/villa-landreau.fr\/wp-content\/uploads\/2022\/11\/saint-gilles-croix-de-vie-IMG_5486-1.jpg\" data-lightbox=\"sevgallery-2120597940\" style=\"background-image: url(https:\/\/villa-landreau.fr\/wp-content\/uploads\/2022\/11\/saint-gilles-croix-de-vie-IMG_5486-1.jpg)\">\r\n\t\t\t\t\t\t\t\t\t\t\t<img decoding=\"async\" src=\"https:\/\/villa-landreau.fr\/wp-content\/uploads\/2022\/11\/saint-gilles-croix-de-vie-IMG_5486-1.jpg\" alt=\"port de saint gilles croix de vie\" loading=\"lazy\">\r\n\t\t\t\t\t\t\t\t\t\t<\/a>\r\n\t\t\t\t\t\t\t\t\t<\/div>\r\n\r\n\t\t\t\t\r\n\t\t\t\t\t\t\t\t\t\t\t\r\n\t\t\t\t\r\n\t\t\t\t<div class=\"sev-diaporama-portfolio-item col-12 col-sm  col-shrink\">\r\n\t\t\t\t\t\t\t\t\t\t<a href=\"https:\/\/villa-landreau.fr\/wp-content\/uploads\/2022\/11\/saint-gilles-croix-de-vie-IMG_5606-1.jpg\" data-lightbox=\"sevgallery-2120597940\" style=\"background-image: url(https:\/\/villa-landreau.fr\/wp-content\/uploads\/2022\/11\/saint-gilles-croix-de-vie-IMG_5606-1.jpg)\">\r\n\t\t\t\t\t\t\t\t\t\t\t<img decoding=\"async\" src=\"https:\/\/villa-landreau.fr\/wp-content\/uploads\/2022\/11\/saint-gilles-croix-de-vie-IMG_5606-1.jpg\" alt=\"plage de saint gilles croix de vie\" loading=\"lazy\">\r\n\t\t\t\t\t\t\t\t\t\t<\/a>\r\n\t\t\t\t\t\t\t\t\t<\/div>\r\n\r\n\t\t\t\t\t\t\t\t\t<div class=\"w-100\"><\/div>\r\n\t\t\t\t\t\t\t\t\t\r\n\t\t\t\t\t\t\t\t\t\t\t\r\n\t\t\t\t\r\n\t\t\t\t<div class=\"sev-diaporama-portfolio-item col-12 col-sm  col-shrink\">\r\n\t\t\t\t\t\t\t\t\t\t<a href=\"https:\/\/villa-landreau.fr\/wp-content\/uploads\/2022\/11\/saint-gilles-croix-de-vie-plage-de-boisvinet-DSC_3989.jpg\" data-lightbox=\"sevgallery-2120597940\" style=\"background-image: url(https:\/\/villa-landreau.fr\/wp-content\/uploads\/2022\/11\/saint-gilles-croix-de-vie-plage-de-boisvinet-DSC_3989.jpg)\">\r\n\t\t\t\t\t\t\t\t\t\t\t<img decoding=\"async\" src=\"https:\/\/villa-landreau.fr\/wp-content\/uploads\/2022\/11\/saint-gilles-croix-de-vie-plage-de-boisvinet-DSC_3989.jpg\" alt=\"plage de saint gilles croix de vie\" loading=\"lazy\">\r\n\t\t\t\t\t\t\t\t\t\t<\/a>\r\n\t\t\t\t\t\t\t\t\t<\/div>\r\n\r\n\t\t\t\t\r\n\t\t\t\t\t\t\t\t\t\t\t\r\n\t\t\t\t\r\n\t\t\t\t<div class=\"sev-diaporama-portfolio-item col-12 col-sm \">\r\n\t\t\t\t\t\t\t\t\t\t<a href=\"https:\/\/villa-landreau.fr\/wp-content\/uploads\/2022\/11\/saint-gilles-croix-de-vie-rue-commercante-pietonne-general-de-gaulle-DSC_3731.jpg\" data-lightbox=\"sevgallery-2120597940\" style=\"background-image: url(https:\/\/villa-landreau.fr\/wp-content\/uploads\/2022\/11\/saint-gilles-croix-de-vie-rue-commercante-pietonne-general-de-gaulle-DSC_3731.jpg)\">\r\n\t\t\t\t\t\t\t\t\t\t\t<img decoding=\"async\" src=\"https:\/\/villa-landreau.fr\/wp-content\/uploads\/2022\/11\/saint-gilles-croix-de-vie-rue-commercante-pietonne-general-de-gaulle-DSC_3731.jpg\" alt=\"centre ville avec commer\u00e7ant \u00e0 St Gille croix de vie\" loading=\"lazy\">\r\n\t\t\t\t\t\t\t\t\t\t<\/a>\r\n\t\t\t\t\t\t\t\t\t<\/div>\r\n\r\n\t\t\t\t\r\n\t\t\t\t\t\t\t\t\t\t\t\r\n\t\t\t\t\r\n\t\t\t\t<div class=\"sev-diaporama-portfolio-item col-12 col-sm \">\r\n\t\t\t\t\t\t\t\t\t\t<a href=\"https:\/\/villa-landreau.fr\/wp-content\/uploads\/2022\/11\/vlcsnap-2017-11-29-19h32m00s415.jpg\" data-lightbox=\"sevgallery-2120597940\" style=\"background-image: url(https:\/\/villa-landreau.fr\/wp-content\/uploads\/2022\/11\/vlcsnap-2017-11-29-19h32m00s415.jpg)\">\r\n\t\t\t\t\t\t\t\t\t\t\t<img decoding=\"async\" src=\"https:\/\/villa-landreau.fr\/wp-content\/uploads\/2022\/11\/vlcsnap-2017-11-29-19h32m00s415.jpg\" alt=\"plage de saint gilles croix de vie\" loading=\"lazy\">\r\n\t\t\t\t\t\t\t\t\t\t<\/a>\r\n\t\t\t\t\t\t\t\t\t<\/div>\r\n\r\n\t\t\t\t\r\n\t\t\t\t\t\t\t\t\t\t\t\t\t\t<\/div>\r\n\t\t\t<\/div>\r\n\t\t\t<\/div>","protected":false},"excerpt":{"rendered":"<p>Saint Gilles Croix de Vie De badplaats St Gilles Croix de Vie Camping VILLA LANDREAU ligt op 1,2 km van ST GILLES CROIX DE VIE. Deze badplaats biedt u zowel de zee, de stranden als de voetgangersstraten, de vissers- en zeilhaven, de winkels, de supermarkten, het casino&#8230; Kom en ontdek onze vele regionale producten op [&hellip;]<\/p>\n","protected":false},"author":1,"featured_media":0,"parent":0,"menu_order":0,"comment_status":"closed","ping_status":"closed","template":"","meta":{"_seopress_robots_primary_cat":"","_seopress_titles_title":"Saint Gilles Croix de Vie en zijn stranden - Camping Villa Landreau","_seopress_titles_desc":"Ontdek Saint Gilles Croix de Vie en zijn fijne zandstranden, een resort gelegen in de buurt van de camping met overdekt zwembad Villa Landreau","_seopress_robots_index":"","footnotes":""},"class_list":["post-1227","page","type-page","status-publish","hentry"],"_links":{"self":[{"href":"https:\/\/villa-landreau.fr\/nl\/wp-json\/wp\/v2\/pages\/1227","targetHints":{"allow":["GET"]}}],"collection":[{"href":"https:\/\/villa-landreau.fr\/nl\/wp-json\/wp\/v2\/pages"}],"about":[{"href":"https:\/\/villa-landreau.fr\/nl\/wp-json\/wp\/v2\/types\/page"}],"author":[{"embeddable":true,"href":"https:\/\/villa-landreau.fr\/nl\/wp-json\/wp\/v2\/users\/1"}],"replies":[{"embeddable":true,"href":"https:\/\/villa-landreau.fr\/nl\/wp-json\/wp\/v2\/comments?post=1227"}],"version-history":[{"count":1,"href":"https:\/\/villa-landreau.fr\/nl\/wp-json\/wp\/v2\/pages\/1227\/revisions"}],"predecessor-version":[{"id":1233,"href":"https:\/\/villa-landreau.fr\/nl\/wp-json\/wp\/v2\/pages\/1227\/revisions\/1233"}],"wp:attachment":[{"href":"https:\/\/villa-landreau.fr\/nl\/wp-json\/wp\/v2\/media?parent=1227"}],"curies":[{"name":"wp","href":"https:\/\/api.w.org\/{rel}","templated":true}]}}