{"id":1260,"date":"2022-10-04T22:12:24","date_gmt":"2022-10-04T20:12:24","guid":{"rendered":"https:\/\/villa-landreau.fr\/home\/"},"modified":"2025-05-28T10:17:53","modified_gmt":"2025-05-28T08:17:53","slug":"home","status":"publish","type":"page","link":"https:\/\/villa-landreau.fr\/nl\/","title":{"rendered":"Home"},"content":{"rendered":"\n<h1 class=\"wp-block-heading alignwide has-text-align-center front-page-anchor\" id=\"camping\">Camping Saint Gilles Croix de Vie<\/h1>\n\n\n\n<h2 class=\"wp-block-heading has-text-align-center\">4 sterren camping het hele jaar geopend<\/h2>\n\n\n\n<div class=\"wp-block-columns is-layout-flex wp-container-core-columns-is-layout-28f84493 wp-block-columns-is-layout-flex\">\n<div class=\"wp-block-column is-layout-flow wp-block-column-is-layout-flow\">\n<p>De camping VILLA LANDREAU, gelegen in een beveiligd dorp in de buurt van de badplaats <strong>Saint Gilles Croix de<\/strong> Vie, ontvangt u het hele jaar door in een rustige omgeving met verschillende <strong>activiteiten <\/strong>en <strong>voorzieningen<\/strong> voor een weldadig en plezierig verblijf.  <\/p>\n\n\n\n<p>De nabijheid van het centrum van Saint Gilles geeft u toegang tot de vele activiteiten van de stad, de <strong>prachtige stranden<\/strong>, de pittoreske wijk en ook de plaatselijke winkels en boetieks met specialiteiten uit de Vend\u00e9e.  <\/p>\n\n\n\n<p>U kunt ook gebruik maken van alle voorzieningen op de camping om u te vermaken en te genieten:<\/p>\n\n\n\n<p>Onze <strong><a href=\"https:\/\/villa-landreau.fr\/nl\/het-overdekte-zwembad\/\" data-type=\"page\" data-id=\"326\">overdekt en verwarmd zwembad<\/a> <\/strong>wacht op u van 1 april tot 1 oktober. Voor jong en oud is er een kinderbad en een ontspanningsruimte met ligstoelen. Een echt stukje paradijs.<\/p>\n\n\n\n<p>Om de kleintjes bezig te houden, biedt Villa Landreau ook een <strong>kinderclub<\/strong> en kinderspelen tijdens het seizoen, evenals entertainment en vrijetijdsactiviteiten voor het hele gezin.<\/p>\n\n\n\n<p>Het multisportterrein wacht op u om met vrienden te voetballen, volleyballen, basketballen of badmintonnen. En niet te vergeten de traditionele jeu de boules- en tafeltenniswedstrijden. Lachen, ontspanning en vermaak.<\/p>\n\n\n\n<p>Voor de sportievelingen is er een fitnessruimte met een loopband en elliptische fietsen.<br><a href=\"https:\/\/villa-landreau.fr\/nl\/het-dorp\/\" data-type=\"page\" data-id=\"649\">Entertainment<\/a> (concerten, kinderactiviteiten) wordt ook aangeboden in het hoogseizoen.<\/p>\n<\/div>\n\n\n\n<div class=\"wp-block-column is-layout-flow wp-block-column-is-layout-flow\">\n<h2 class=\"wp-block-heading\">Een ideale locatie<\/h2>\n\n\n\n<p>De ligging van camping VILLA LANDREAU is ideaal om te <strong>wandelen en te fietsen<\/strong>.  <\/p>\n\n\n\n<p>Onze speciaal geselecteerde wandelroutes laten jong en oud de schoonheid van ons landschap ontdekken. Onze bestemmingen bieden een verscheidenheid aan routes in het bos, aan de kust of in een bucolische omgeving. Adem de frisse lucht in en geniet van het moment.<\/p>\n\n\n\n<p>Of u ons nu bezoekt voor een romantisch weekend of een ontspannende vakantie, wij hebben aan alles gedacht. Om optimaal van uw tussenstop te genieten, bent u ideaal gelegen in de Vend\u00e9e, dicht bij de <strong>mooiste bezienswaardigheden van de regio<\/strong>: fijne <a href=\"https:\/\/villa-landreau.fr\/nl\/stranden-en-bossen\/\" data-type=\"page\" data-id=\"346\">zandstranden<\/a>, de kustlijn van de Vend\u00e9e, het eiland <a href=\"https:\/\/villa-landreau.fr\/nl\/de-vendee-eilanden\/\" data-type=\"page\" data-id=\"352\">Noirmoutier<\/a>, het eiland <a href=\"https:\/\/villa-landreau.fr\/nl\/zee-en-eilandzijde\/\" data-type=\"page\" data-id=\"364\">Yeu<\/a>, Les <a href=\"https:\/\/villa-landreau.fr\/nl\/stadskant\/\" data-type=\"page\" data-id=\"355\">Sables d&#8217;Olonne<\/a> en vele andere&#8230;.<\/p>\n\n\n\n<p>In een regio die bekend staat als<strong>&#8220;de kust van het licht<\/strong>&#8221; zijn alle voorwaarden aanwezig voor een onvergetelijke gezinsvakantie.<\/p>\n\n\n\n<p>Door het <strong>milde en zonnige klimaat<\/strong> is de Vend\u00e9e een van de belangrijkste toeristische departementen van Frankrijk en het belangrijkste toeristische departement aan de Atlantische kust. Wacht niet langer.<\/p>\n\n\n\n<p><\/p>\n<\/div>\n<\/div>\n\n\n\n<div class=\"wp-block-group alignfull front-page-anchor has-background is-layout-flow wp-block-group-is-layout-flow\" id=\"le_domaine\" style=\"background-color:#787268;margin-top:0px;margin-bottom:0px\">\n<h2 class=\"wp-block-heading has-text-align-center h1-like\">Camping in Saint Gilles Croix de Vie<\/h2>\n\n\n\n<div class=\"wp-block-columns is-layout-flex wp-container-core-columns-is-layout-28f84493 wp-block-columns-is-layout-flex\">\n<div class=\"wp-block-column is-layout-flow wp-block-column-is-layout-flow\">\n<a class=\"wp-block-sev-encart-photo\" href=\"https:\/\/villa-landreau.fr\/nl\/de-geest-van-de-camping\/\" title=\"De geest van de camping\"><img decoding=\"async\" class=\"recipe-image\" src=\"https:\/\/villa-landreau.fr\/wp-content\/uploads\/2022\/10\/image00044.jpg\" alt=\"\"><div class=\"wp-block-sev-encart-photo-text\">De geest van de camping<\/div><\/a>\n<\/div>\n\n\n\n<div class=\"wp-block-column is-layout-flow wp-block-column-is-layout-flow\">\n<a class=\"wp-block-sev-encart-photo\" href=\"https:\/\/villa-landreau.fr\/nl\/diensten\/\" title=\"Diensten\"><img decoding=\"async\" class=\"recipe-image\" src=\"https:\/\/villa-landreau.fr\/wp-content\/uploads\/2022\/10\/image00047.jpg\" alt=\"\"><div class=\"wp-block-sev-encart-photo-text\">Onze diensten<\/div><\/a>\n<\/div>\n<\/div>\n\n\n\n<div class=\"wp-block-columns is-layout-flex wp-container-core-columns-is-layout-28f84493 wp-block-columns-is-layout-flex\">\n<div class=\"wp-block-column is-layout-flow wp-block-column-is-layout-flow\">\n<a class=\"wp-block-sev-encart-photo\" href=\"https:\/\/villa-landreau.fr\/nl\/het-dorp\/\" title=\"Services\"><img decoding=\"async\" class=\"recipe-image\" src=\"https:\/\/villa-landreau.fr\/wp-content\/uploads\/2022\/10\/IMG_5884.jpg\" alt=\"\"\/><div class=\"wp-block-sev-encart-photo-text\">Het drop<\/div><\/a>\n<\/div>\n\n\n\n<div class=\"wp-block-column is-layout-flow wp-block-column-is-layout-flow\">\n<a class=\"wp-block-sev-encart-photo\" href=\"https:\/\/villa-landreau.fr\/nl\/het-overdekte-zwembad\/\" title=\"Eigenaar worden\"><img decoding=\"async\" class=\"recipe-image\" src=\"https:\/\/villa-landreau.fr\/wp-content\/uploads\/2022\/11\/image00006.jpg\" alt=\"\"><div class=\"wp-block-sev-encart-photo-text\">Het zwembad<\/div><\/a>\n<\/div>\n<\/div>\n<\/div>\n\n\n\n<div class=\"wp-block-group alignfull has-gris-fonce-background-color has-background is-layout-constrained wp-block-group-is-layout-constrained\" id=\"location\">\n<h2 class=\"wp-block-heading has-text-align-center h1-like\">Accommodatie<\/h2>\n\n\n\n<h2 class=\"wp-block-heading has-text-align-center\">Ontdek onze comfortabele accommodatie<\/h2>\n\n\n\n<div class=\"wp-block-columns alignwide is-layout-flex wp-container-core-columns-is-layout-28f84493 wp-block-columns-is-layout-flex\">\n<div class=\"wp-block-column is-layout-flow wp-block-column-is-layout-flow\">\n<a class=\"wp-block-sev-encart-photo\" href=\"https:\/\/villa-landreau.fr\/nl\/hebergement\/stacaravan-familie\/\" title=\"\"><img decoding=\"async\" class=\"recipe-image\" src=\"https:\/\/villa-landreau.fr\/wp-content\/uploads\/2022\/12\/00001012823.png\" alt=\"\"\/><div class=\"wp-block-sev-encart-photo-text\">Stacaravan familie<br>2 ch. <\/div><\/a>\n<\/div>\n\n\n\n<div class=\"wp-block-column is-layout-flow wp-block-column-is-layout-flow\">\n<a class=\"wp-block-sev-encart-photo\" href=\"https:\/\/villa-landreau.fr\/nl\/hebergement\/premium-stacaravan\/\" title=\"\"><img decoding=\"async\" class=\"recipe-image\" src=\"https:\/\/villa-landreau.fr\/wp-content\/uploads\/2022\/12\/premium.png\" alt=\"\"\/><div class=\"wp-block-sev-encart-photo-text\"><strong>Premium stacaravan<\/strong><br><strong>2 ch.<\/strong><\/div><\/a>\n<\/div>\n<\/div>\n\n\n\n<div class=\"wp-block-columns alignwide is-layout-flex wp-container-core-columns-is-layout-28f84493 wp-block-columns-is-layout-flex\">\n<div class=\"wp-block-column is-layout-flow wp-block-column-is-layout-flow\">\n<a class=\"wp-block-sev-encart-photo\" href=\"https:\/\/villa-landreau.fr\/nl\/hebergement\/comfort-stacaravan\/\" title=\"\"><img decoding=\"async\" class=\"recipe-image\" src=\"https:\/\/villa-landreau.fr\/wp-content\/uploads\/2022\/12\/confort.png\" alt=\"\"\/><div class=\"wp-block-sev-encart-photo-text\">Comfort stacaravan <br>3 ch. <\/div><\/a>\n<\/div>\n<\/div>\n<\/div>\n\n\n\n<a class=\"wp-block-sev-encart-photo alignfull h1-like\" id=\"proprietaire_camping\" href=\"https:\/\/villa-landreau.fr\/nl\/eigenaar-worden\/\" title=\"Activiteiten \/ faciliteiten\"><img decoding=\"async\" class=\"recipe-image\" src=\"https:\/\/villa-landreau.fr\/wp-content\/uploads\/2022\/11\/image00001-1.jpg\" alt=\"\"><div class=\"wp-block-sev-encart-photo-text\">Eigenaar worden<\/div><\/a>\n\n\n\n<div class=\"wp-block-group alignfull has-gris-clair-background-color has-background is-layout-constrained wp-block-group-is-layout-constrained\" id=\"activites\">\n<h2 class=\"wp-block-heading has-text-align-center h1-like\">Activiteiten en amusement<\/h2>\n\n\n\n<div class=\"wp-block-columns alignfull is-layout-flex wp-container-core-columns-is-layout-28f84493 wp-block-columns-is-layout-flex\">\n<div class=\"wp-block-column is-layout-flow wp-block-column-is-layout-flow\">\n<a class=\"wp-block-sev-encart-photo\" href=\"https:\/\/villa-landreau.fr\/nl\/activiteiten-overdag\/\" title=\"Activiteiten overdag\"><img decoding=\"async\" class=\"recipe-image\" src=\"https:\/\/villa-landreau.fr\/wp-content\/uploads\/2022\/11\/image00001.jpg\" alt=\"\"><div class=\"wp-block-sev-encart-photo-text\">Vermaak overdag<\/div><\/a>\n<\/div>\n\n\n\n<div class=\"wp-block-column is-layout-flow wp-block-column-is-layout-flow\">\n<a class=\"wp-block-sev-encart-photo\" href=\"https:\/\/villa-landreau.fr\/nl\/de-apparatuur\/\" title=\"de apparatuur\"><img decoding=\"async\" class=\"recipe-image\" src=\"https:\/\/villa-landreau.fr\/wp-content\/uploads\/2022\/11\/IMG_1465.jpg\" alt=\"\"><div class=\"wp-block-sev-encart-photo-text\">De uitrusting<\/div><\/a>\n<\/div>\n\n\n\n<div class=\"wp-block-column is-layout-flow wp-block-column-is-layout-flow\">\n<a class=\"wp-block-sev-encart-photo\" href=\"https:\/\/villa-landreau.fr\/nl\/de-avonden\/\" title=\"De avonden\"><img decoding=\"async\" class=\"recipe-image\" src=\"https:\/\/villa-landreau.fr\/wp-content\/uploads\/2022\/10\/image00058.jpg\" alt=\"\"><div class=\"wp-block-sev-encart-photo-text\">De avonden<\/div><\/a>\n<\/div>\n<\/div>\n<\/div>\n\n\n\n<a class=\"wp-block-sev-encart-photo alignfull h1-like front-page-anchor\" id=\"saint_gilles\" href=\"https:\/\/villa-landreau.fr\/book\/saint-gilles-croix-de-vie\/\" title=\"Saint Gilles Croix de Vie\"><img decoding=\"async\" class=\"recipe-image\" src=\"https:\/\/villa-landreau.fr\/wp-content\/uploads\/2022\/12\/header-bret.png\" alt=\"\"\/><div class=\"wp-block-sev-encart-photo-text\">Saint Gilles Croix de Vie<\/div><\/a>\n\n\n\n<div class=\"wp-block-group alignfull front-page-anchor has-gris-fonce-background-color has-background is-layout-flow wp-block-group-is-layout-flow\" id=\"a_decouvrir\" style=\"margin-top:0px;margin-bottom:0px\">\n<h2 class=\"wp-block-heading has-text-align-center h1-like\">Te ontdekken in de buurt van de camping<\/h2>\n\n\n\n<div class=\"wp-block-columns is-layout-flex wp-container-core-columns-is-layout-28f84493 wp-block-columns-is-layout-flex\">\n<div class=\"wp-block-column is-layout-flow wp-block-column-is-layout-flow\">\n<a class=\"wp-block-sev-encart-photo\" href=\"https:\/\/villa-landreau.fr\/nl\/zee-en-eilandzijde\/\" title=\"C\u00f4t\u00e9 mer et \u00eele\"><img decoding=\"async\" class=\"recipe-image\" src=\"https:\/\/villa-landreau.fr\/wp-content\/uploads\/2022\/12\/20220518165847-1bcbf514-me.jpg\" alt=\"\"\/><div class=\"wp-block-sev-encart-photo-text\">Zee en eilandzijde<\/div><\/a>\n<\/div>\n\n\n\n<div class=\"wp-block-column is-layout-flow wp-block-column-is-layout-flow\">\n<a class=\"wp-block-sev-encart-photo\" href=\"https:\/\/villa-landreau.fr\/nl\/stadskant\/\" title=\"Stadskant\"><img decoding=\"async\" class=\"recipe-image\" src=\"https:\/\/villa-landreau.fr\/wp-content\/uploads\/2022\/12\/20220519141350-a36cc62c-me.jpg\" alt=\"\"><div class=\"wp-block-sev-encart-photo-text\">Stadskant<\/div><\/a>\n<\/div>\n\n\n\n<div class=\"wp-block-column is-layout-flow wp-block-column-is-layout-flow\">\n<a class=\"wp-block-sev-encart-photo\" href=\"https:\/\/villa-landreau.fr\/nl\/vrije-tijd\/\" title=\"Vrije tijd\"><img decoding=\"async\" class=\"recipe-image\" src=\"https:\/\/villa-landreau.fr\/wp-content\/uploads\/2022\/12\/Lac-Jaunay-2533.jpg\" alt=\"\"><div class=\"wp-block-sev-encart-photo-text\">Vrije tijd<\/div><\/a>\n<\/div>\n<\/div>\n<\/div>\n\n\n\n<div class=\"wp-block-group alignfull front-page-anchor has-gris-clair-background-color has-background is-layout-flow wp-block-group-is-layout-flow\" id=\"infos_pratiques\">\n<h2 class=\"wp-block-heading alignfull has-text-align-center h1-like\">Praktische informatie<\/h2>\n\n\n\n<div class=\"wp-block-columns is-layout-flex wp-container-core-columns-is-layout-28f84493 wp-block-columns-is-layout-flex\">\n<div class=\"wp-block-column has-orange-background-color has-background is-layout-flow wp-block-column-is-layout-flow\" style=\"padding-top:2rem;padding-right:1rem;padding-bottom:2rem;padding-left:1rem\">\n<p class=\"has-text-align-center has-blanc-color has-text-color has-moyen-font-size\" style=\"text-transform:uppercase\">Toegang \/ Contact<\/p>\n\n\n\n<figure class=\"wp-block-image aligncenter size-full is-resized\"><img loading=\"lazy\" decoding=\"async\" width=\"512\" height=\"512\" src=\"https:\/\/villa-landreau.fr\/wp-content\/uploads\/2022\/12\/kisspng-telephone-computer-icons-mobile-phones-clip-art-phone-icon-old-phone-telephone-icon-5ab0304be4c760.0090954315214961399371.png\" alt=\"\" class=\"wp-image-894\" style=\"width:100px\" srcset=\"https:\/\/villa-landreau.fr\/wp-content\/uploads\/2022\/12\/kisspng-telephone-computer-icons-mobile-phones-clip-art-phone-icon-old-phone-telephone-icon-5ab0304be4c760.0090954315214961399371.png 512w, https:\/\/villa-landreau.fr\/wp-content\/uploads\/2022\/12\/kisspng-telephone-computer-icons-mobile-phones-clip-art-phone-icon-old-phone-telephone-icon-5ab0304be4c760.0090954315214961399371-300x300.png 300w, https:\/\/villa-landreau.fr\/wp-content\/uploads\/2022\/12\/kisspng-telephone-computer-icons-mobile-phones-clip-art-phone-icon-old-phone-telephone-icon-5ab0304be4c760.0090954315214961399371-150x150.png 150w\" sizes=\"auto, (max-width: 512px) 100vw, 512px\" \/><\/figure>\n\n\n\n<div class=\"wp-block-buttons is-content-justification-center is-layout-flex wp-container-core-buttons-is-layout-7c378c05 wp-block-buttons-is-layout-flex\" style=\"margin-top:2rem\">\n<div class=\"wp-block-button is-style-outline is-style-outline--1\"><a class=\"wp-block-button__link has-blanc-color has-gris-clair-background-color has-text-color has-background wp-element-button\" href=\"https:\/\/villa-landreau.fr\/nl\/toegang-contact\/\" style=\"border-radius:0px\">Meer lezen<\/a><\/div>\n<\/div>\n<\/div>\n\n\n\n<div class=\"wp-block-column has-orange-background-color has-background is-layout-flow wp-block-column-is-layout-flow\" style=\"padding-top:2rem;padding-right:1rem;padding-bottom:2rem;padding-left:1rem\">\n<p class=\"has-text-align-center has-blanc-color has-text-color has-moyen-font-size\" style=\"text-transform:uppercase\"><strong>Foto galerij<\/strong><\/p>\n\n\n\n<figure class=\"wp-block-image aligncenter size-full\"><img loading=\"lazy\" decoding=\"async\" width=\"139\" height=\"100\" src=\"https:\/\/villa-landreau.fr\/wp-content\/uploads\/2022\/10\/galerie-photos2.png\" alt=\"\" class=\"wp-image-174\"\/><\/figure>\n\n\n\n<div class=\"wp-block-buttons is-content-justification-center is-layout-flex wp-container-core-buttons-is-layout-7c378c05 wp-block-buttons-is-layout-flex\" style=\"margin-top:2rem\">\n<div class=\"wp-block-button is-style-outline is-style-outline--2\"><a class=\"wp-block-button__link has-blanc-color has-gris-clair-background-color has-text-color has-background wp-element-button\" href=\"https:\/\/villa-landreau.fr\/nl\/foto-en-videogalerij\/\" style=\"border-radius:0px\">Meer lezen<\/a><\/div>\n<\/div>\n<\/div>\n\n\n\n<div class=\"wp-block-column has-orange-background-color has-background is-layout-flow wp-block-column-is-layout-flow\" style=\"padding-top:2rem;padding-right:1rem;padding-bottom:2rem;padding-left:1rem\">\n<p class=\"has-text-align-center has-blanc-color has-text-color has-moyen-font-size\" style=\"text-transform:uppercase\"><strong>Downloads<\/strong><\/p>\n\n\n\n<ul class=\"wp-block-list\">\n<li><a href=\"https:\/\/villa-landreau.fr\/wp-content\/uploads\/2025\/01\/Tarifs-2025-VL-4.pdf\" target=\"_blank\" rel=\"noreferrer noopener\">Tarieven 2025<\/a><\/li>\n\n\n\n<li><a href=\"https:\/\/villa-landreau.fr\/wp-content\/uploads\/2022\/12\/assurance-annulation.pdf\" target=\"_blank\" rel=\"noreferrer noopener\"><mark style=\"background-color:rgba(0, 0, 0, 0)\" class=\"has-inline-color has-blanc-color\">Annuleringsverzekering<\/mark><\/a><\/li>\n\n\n\n<li><a href=\"https:\/\/villa-landreau.fr\/wp-content\/uploads\/2025\/01\/2025-CONTRAT-DE-LOCATION-SAISONNIERE-CGV.pdf\" target=\"_blank\" rel=\"noreferrer noopener\"><mark style=\"background-color:rgba(0, 0, 0, 0)\" class=\"has-inline-color has-blanc-color\">Huurovereenkomst<\/mark><\/a><\/li>\n\n\n\n<li><a href=\"https:\/\/villa-landreau.fr\/wp-content\/uploads\/2025\/05\/Plan-VL-2025.jpg\" target=\"_blank\" rel=\"noreferrer noopener\"><mark style=\"background-color:rgba(0, 0, 0, 0)\" class=\"has-inline-color has-blanc-color\">Kaart van de camping<\/mark><\/a><\/li>\n<\/ul>\n<\/div>\n<\/div>\n<\/div>\n","protected":false},"excerpt":{"rendered":"<p>Camping Saint Gilles Croix de Vie 4 sterren camping het hele jaar geopend De camping VILLA LANDREAU, gelegen in een beveiligd dorp in de buurt van de badplaats Saint Gilles Croix de Vie, ontvangt u het hele jaar door in een rustige omgeving met verschillende activiteiten en voorzieningen voor een weldadig en plezierig verblijf. De [&hellip;]<\/p>\n","protected":false},"author":1,"featured_media":0,"parent":0,"menu_order":0,"comment_status":"closed","ping_status":"closed","template":"","meta":{"_seopress_robots_primary_cat":"","_seopress_titles_title":"Villa Landreau : Camping bij Saint Gilles Croix de Vie","_seopress_titles_desc":"Onze camping bij Saint Gilles Croix de Vie in de Vend\u00e9e (85) verwelkomt u het hele jaar door, van 1 januari tot 31 december.","_seopress_robots_index":"","footnotes":""},"class_list":["post-1260","page","type-page","status-publish","hentry"],"_links":{"self":[{"href":"https:\/\/villa-landreau.fr\/nl\/wp-json\/wp\/v2\/pages\/1260","targetHints":{"allow":["GET"]}}],"collection":[{"href":"https:\/\/villa-landreau.fr\/nl\/wp-json\/wp\/v2\/pages"}],"about":[{"href":"https:\/\/villa-landreau.fr\/nl\/wp-json\/wp\/v2\/types\/page"}],"author":[{"embeddable":true,"href":"https:\/\/villa-landreau.fr\/nl\/wp-json\/wp\/v2\/users\/1"}],"replies":[{"embeddable":true,"href":"https:\/\/villa-landreau.fr\/nl\/wp-json\/wp\/v2\/comments?post=1260"}],"version-history":[{"count":10,"href":"https:\/\/villa-landreau.fr\/nl\/wp-json\/wp\/v2\/pages\/1260\/revisions"}],"predecessor-version":[{"id":3367,"href":"https:\/\/villa-landreau.fr\/nl\/wp-json\/wp\/v2\/pages\/1260\/revisions\/3367"}],"wp:attachment":[{"href":"https:\/\/villa-landreau.fr\/nl\/wp-json\/wp\/v2\/media?parent=1260"}],"curies":[{"name":"wp","href":"https:\/\/api.w.org\/{rel}","templated":true}]}}